{"id":4078,"date":"2022-07-11T12:07:28","date_gmt":"2022-07-11T12:07:28","guid":{"rendered":"https:\/\/meraynuts.com\/hakkimizda\/"},"modified":"2024-10-14T07:06:34","modified_gmt":"2024-10-14T07:06:34","slug":"ueber-uns","status":"publish","type":"page","link":"https:\/\/meraynuts.com\/de\/ueber-uns\/","title":{"rendered":"\u00dcber uns"},"content":{"rendered":"\t\t<div data-elementor-type=\"wp-page\" data-elementor-id=\"4078\" class=\"elementor elementor-4078 elementor-2379\">\n\t\t\t\t\t\t<section class=\"elementor-section elementor-top-section elementor-element elementor-element-7b460a2 elementor-section-boxed elementor-section-height-default elementor-section-height-default\" data-id=\"7b460a2\" data-element_type=\"section\">\n\t\t\t\t\t\t<div class=\"elementor-container elementor-column-gap-no\">\n\t\t\t\t\t<div class=\"elementor-column elementor-col-100 elementor-top-column elementor-element elementor-element-3b80ef6\" data-id=\"3b80ef6\" data-element_type=\"column\">\n\t\t\t<div class=\"elementor-widget-wrap elementor-element-populated\">\n\t\t\t\t\t\t<div class=\"elementor-element elementor-element-2be430a elementor-widget elementor-widget-spacer\" data-id=\"2be430a\" data-element_type=\"widget\" data-widget_type=\"spacer.default\">\n\t\t\t\t<div class=\"elementor-widget-container\">\n\t\t\t\t\t\t\t<div class=\"elementor-spacer\">\n\t\t\t<div class=\"elementor-spacer-inner\"><\/div>\n\t\t<\/div>\n\t\t\t\t\t\t<\/div>\n\t\t\t\t<\/div>\n\t\t\t\t<section class=\"elementor-section elementor-inner-section elementor-element elementor-element-7f78d03 elementor-section-boxed elementor-section-height-default elementor-section-height-default\" data-id=\"7f78d03\" data-element_type=\"section\">\n\t\t\t\t\t\t<div class=\"elementor-container elementor-column-gap-default\">\n\t\t\t\t\t<div class=\"elementor-column elementor-col-50 elementor-inner-column elementor-element elementor-element-1710066\" data-id=\"1710066\" data-element_type=\"column\">\n\t\t\t<div class=\"elementor-widget-wrap elementor-element-populated\">\n\t\t\t\t\t\t<div class=\"elementor-element elementor-element-bd39f35 image-width-fit elementor-widget elementor-widget-mae-gallery-stack\" data-id=\"bd39f35\" data-element_type=\"widget\" data-widget_type=\"mae-gallery-stack.default\">\n\t\t\t\t<div class=\"elementor-widget-container\">\n\t\t\t\t\t\t\t<div class=\"master-gallery-stack\">\n\t\t\t<div class=\"master-fancy-image elementor-repeater-item-b257372\" data-top=\"0px\" data-calcHeight=\"no\">\n\t\t\t\t\t\t\t\t\t\t<div class=\"image-wrap\"><img fetchpriority=\"high\" decoding=\"async\" width=\"450\" height=\"601\" src=\"https:\/\/meraynuts.com\/wp-content\/uploads\/2024\/09\/meray-1.jpg\" class=\"attachment-full size-full\" alt=\"\" srcset=\"https:\/\/meraynuts.com\/wp-content\/uploads\/2024\/09\/meray-1.jpg 450w, https:\/\/meraynuts.com\/wp-content\/uploads\/2024\/09\/meray-1-225x300.jpg 225w\" sizes=\"(max-width: 450px) 100vw, 450px\" \/><\/div>\n\t\t\t\t\t\t\t\t\t<\/div><div class=\"master-shape master-animation elementor-repeater-item-df02c7c\" data-animation=\"fadeInUpLeft\"><\/div>\t\t<\/div>\n\t    \t\t\t\t<\/div>\n\t\t\t\t<\/div>\n\t\t\t\t\t<\/div>\n\t\t<\/div>\n\t\t\t\t<div class=\"elementor-column elementor-col-50 elementor-inner-column elementor-element elementor-element-9614b3f\" data-id=\"9614b3f\" data-element_type=\"column\">\n\t\t\t<div class=\"elementor-widget-wrap elementor-element-populated\">\n\t\t\t\t\t\t<div class=\"elementor-element elementor-element-5014eec elementor-widget elementor-widget-image\" data-id=\"5014eec\" data-element_type=\"widget\" data-widget_type=\"image.default\">\n\t\t\t\t<div class=\"elementor-widget-container\">\n\t\t\t\t\t\t\t\t\t\t\t\t\t\t\t<img decoding=\"async\" width=\"512\" height=\"512\" src=\"https:\/\/meraynuts.com\/wp-content\/uploads\/2024\/09\/cropped-cropped-since-logo-1-192x192-1.png\" class=\"attachment-full size-full wp-image-3682\" alt=\"\" srcset=\"https:\/\/meraynuts.com\/wp-content\/uploads\/2024\/09\/cropped-cropped-since-logo-1-192x192-1.png 512w, https:\/\/meraynuts.com\/wp-content\/uploads\/2024\/09\/cropped-cropped-since-logo-1-192x192-1-300x300.png 300w, https:\/\/meraynuts.com\/wp-content\/uploads\/2024\/09\/cropped-cropped-since-logo-1-192x192-1-150x150.png 150w, https:\/\/meraynuts.com\/wp-content\/uploads\/2024\/09\/cropped-cropped-since-logo-1-192x192-1-370x370.png 370w, https:\/\/meraynuts.com\/wp-content\/uploads\/2024\/09\/cropped-cropped-since-logo-1-192x192-1-60x60.png 60w, https:\/\/meraynuts.com\/wp-content\/uploads\/2024\/09\/cropped-cropped-since-logo-1-192x192-1-100x100.png 100w, https:\/\/meraynuts.com\/wp-content\/uploads\/2024\/09\/cropped-cropped-since-logo-1-192x192-1-270x270.png 270w, https:\/\/meraynuts.com\/wp-content\/uploads\/2024\/09\/cropped-cropped-since-logo-1-192x192-1-192x192.png 192w, https:\/\/meraynuts.com\/wp-content\/uploads\/2024\/09\/cropped-cropped-since-logo-1-192x192-1-180x180.png 180w, https:\/\/meraynuts.com\/wp-content\/uploads\/2024\/09\/cropped-cropped-since-logo-1-192x192-1-32x32.png 32w\" sizes=\"(max-width: 512px) 100vw, 512px\" \/>\t\t\t\t\t\t\t\t\t\t\t\t\t\t\t<\/div>\n\t\t\t\t<\/div>\n\t\t\t\t<div class=\"elementor-element elementor-element-9264400 heading-default elementor-widget elementor-widget-mae-headings\" data-id=\"9264400\" data-element_type=\"widget\" data-widget_type=\"mae-headings.default\">\n\t\t\t\t<div class=\"elementor-widget-container\">\n\t\t\t\t\t\t\t<div class=\"master-heading sep-none\">\n\t\t\t\t        \t        \t<div class=\"pre-heading\"><span class=\"line\"><span class=\"inner\"><\/span><\/span>Meray Nuts<\/div>\n\t        \n\t        \n\t        \t        <h2 class=\"main-heading\">Eine globale Macht in der Nussindustrie<\/h2>\n\t        \n\t        \n\t        \t    <\/div>\n\t    \t\t\t\t<\/div>\n\t\t\t\t<\/div>\n\t\t\t\t<div class=\"elementor-element elementor-element-0d7adbc elementor-widget elementor-widget-text-editor\" data-id=\"0d7adbc\" data-element_type=\"widget\" data-widget_type=\"text-editor.default\">\n\t\t\t\t<div class=\"elementor-widget-container\">\n\t\t\t\t\t\t\t\t\t<p>Unser Unternehmen wurde 1978 von Mehmet KILI\u00c7 als Familienunternehmen in Gaziantep, T\u00fcrkei, gegr\u00fcndet. Bis heute haben wir mit rasch zunehmender Dynamik immer neue Erfolge erzielt.<br \/>W\u00e4hrend unserer 46-j\u00e4hrigen Reise waren wir immer die Pioniere der Ersten, indem wir die Verantwortung f\u00fcr viele Durchbr\u00fcche von der Industrialisierung der T\u00fcrkei bis zur Globalisierung \u00fcbernahmen und es schafften, uns von unseren Mitbewerbern abzuheben. Wir sind seit unserer Gr\u00fcndung im Nusshandel t\u00e4tig. Heute tragen wir weiterhin insbesondere zur F\u00f6rderung von Pistazien bei. Um viele neue Projekte zu realisieren, die wir uns vorgenommen hatten, verlegten wir unsere Produktionsanlagen 2012 in die organisierte Industriezone Gaziantep und machten unsere Anlage zu einer integrierten Anlage von Weltklasse. Seitdem haben wir die Idee \u00fcbernommen, \u201eN\u00fcsse zu verpacken und dem Verbraucher das Produkt bester Qualit\u00e4t in der frischesten Form und zum g\u00fcnstigsten Preis anzubieten\u201c; wir haben sie zur Markenessenz von Meray Nuts gemacht.     <\/p>\n<h5>\u00dcber 42 Jahre Erfahrung und eine globale Vision<\/h5>\n<p>Following its enviable success in Turkey, MERAY Nuts, which has increased its market share in Europe to higher levels, has received full marks from quality control institutions and has registered this with many quality standard certificates. We are constantly expanding our product portfolio by giving importance to RD studies in line with IFS standards and the demands of our consumers. <\/p>\n\t\t\t\t\t\t\t\t<\/div>\n\t\t\t\t<\/div>\n\t\t\t\t\t<\/div>\n\t\t<\/div>\n\t\t\t\t\t<\/div>\n\t\t<\/section>\n\t\t\t\t\t<\/div>\n\t\t<\/div>\n\t\t\t\t\t<\/div>\n\t\t<\/section>\n\t\t\t\t<section class=\"elementor-section elementor-top-section elementor-element elementor-element-e62b52e elementor-section-boxed elementor-section-height-default elementor-section-height-default\" data-id=\"e62b52e\" data-element_type=\"section\">\n\t\t\t\t\t\t<div class=\"elementor-container elementor-column-gap-default\">\n\t\t\t\t\t<div class=\"elementor-column elementor-col-100 elementor-top-column elementor-element elementor-element-09eed9c\" data-id=\"09eed9c\" data-element_type=\"column\">\n\t\t\t<div class=\"elementor-widget-wrap elementor-element-populated\">\n\t\t\t\t\t\t<div class=\"elementor-element elementor-element-bf996b2 align-center icon-position-top icon-default icon-has-bg elementor-widget elementor-widget-mae-counter\" data-id=\"bf996b2\" data-element_type=\"widget\" data-widget_type=\"mae-counter.default\">\n\t\t\t\t<div class=\"elementor-widget-container\">\n\t\t\t\t\t\t\t<div class=\"master-counter\" data-format=\"default\">\n\t\t\t\n\t\t\t<div class=\"inner\">\n\t\t\t\t<div class=\"number-wrap\">\n\t\t\t\t\t<span class=\"number\" data-to=\"42\" data-time= \"50\"><\/span>\n\t\t\t\t\t<span><span class=\"accent-color\" style=\"display: inline-block; font-size: 48px;transform:translateY(-40px);\">+<\/span><\/span>\t\t\t\t<\/div>\n\n\t\t\t\t<span class=\"title\">\u00dcber Jahre Erfahrung<\/span>\t\t\t<\/div>\n\n\t\t\t\t    <\/div>\n\t    \t\t\t\t<\/div>\n\t\t\t\t<\/div>\n\t\t\t\t<section class=\"elementor-section elementor-inner-section elementor-element elementor-element-1e2b8f2 elementor-section-boxed elementor-section-height-default elementor-section-height-default\" data-id=\"1e2b8f2\" data-element_type=\"section\">\n\t\t\t\t\t\t<div class=\"elementor-container elementor-column-gap-default\">\n\t\t\t\t\t<div class=\"elementor-column elementor-col-100 elementor-inner-column elementor-element elementor-element-6969145\" data-id=\"6969145\" data-element_type=\"column\">\n\t\t\t<div class=\"elementor-widget-wrap elementor-element-populated\">\n\t\t\t\t\t\t<div class=\"elementor-element elementor-element-35c294c elementor-widget__width-inherit elementor-widget elementor-widget-text-editor\" data-id=\"35c294c\" data-element_type=\"widget\" data-widget_type=\"text-editor.default\">\n\t\t\t\t<div class=\"elementor-widget-container\">\n\t\t\t\t\t\t\t\t\t<h5>Traditioneller Geschmack und moderne Technologie<\/h5>\n<p>Eines der auff\u00e4lligsten Merkmale der Meray Nuts-Produkte ist, dass wir traditionelle orientalische R\u00f6sttechniken mit modernster Technologie kombinieren. Unsere jahrhundertealten Geschmacksrezepte harmonieren perfekt mit unseren hochtechnologischen Produktionsverfahren. Auf diese Weise bietet jedes Produkt von Meray Nuts ein \u00fcberragendes Geschmackserlebnis und wird nach international anerkannten Qualit\u00e4tsmanagementsystemen wie <strong>IFS <\/strong>hergestellt. W\u00e4hrend unsere Produkte mit Methoden hergestellt werden, die Nat\u00fcrlichkeit und Gesundheit bewahren, ist es f\u00fcr uns stets oberste Priorit\u00e4t, unseren Verbrauchern sichere und qualitativ hochwertige N\u00fcsse anzubieten.   <\/p>\n<h5>Qualit\u00e4t, Vertrauen und Nachhaltigkeit<\/h5>\n<p>Bei Meray Nuts stellen wir die Qualit\u00e4t in den Mittelpunkt unseres Produktionsprozesses, indem wir die besten Rohstoffe sorgf\u00e4ltig ausw\u00e4hlen. Die Rohstoffe, die wir ausschlie\u00dflich von zertifizierten und zuverl\u00e4ssigen Lieferanten beziehen, werden durch strenge Qualit\u00e4tskontrollprozesse verarbeitet. Die langfristige und vertrauensvolle Zusammenarbeit mit unseren Kunden ist der wichtigste Baustein unseres Erfolgs. Die st\u00e4ndige Erweiterung und Diversifizierung unserer Produktpalette ist das Ergebnis unserer Sorgfalt, die Erwartungen unserer Kunden zu erf\u00fcllen und stets das Beste zu bieten.   <\/p>\n<p>Nachhaltigkeit ist f\u00fcr Meray Nuts ein unverzichtbarer Wert. Mit unseren naturschonenden Produktionsmethoden wenden wir umweltfreundliche Praktiken an und nutzen unsere Ressourcen auf die effizienteste Art und Weise. Indem wir unser Umweltbewusstsein in jeder Phase unserer Gesch\u00e4ftsprozesse widerspiegeln, sch\u00fctzen wir sowohl unseren Planeten als auch unser Ziel, k\u00fcnftigen Generationen eine lebenswertere Welt zu hinterlassen.  <\/p>\n<h5>Globale Pr\u00e4senz in \u00fcber 50 L\u00e4ndern<\/h5>\n<p>Heute trifft Meray Nuts Verbraucher in mehr als <strong>50<\/strong> L\u00e4ndern auf der ganzen Welt, insbesondere in Europa. Unsere Produkte werden dem Markt \u00fcber ein breites Vertriebsnetz in Europa, Asien, dem Nahen Osten und Amerika, insbesondere in Deutschland, angeboten. In jedem Land passen wir unsere Produkte sorgf\u00e4ltig an und ber\u00fccksichtigen dabei die Bed\u00fcrfnisse und kulturellen Vorlieben des lokalen Marktes. Bei der Vermarktung und dem Vertrieb unserer Produkte arbeiten wir eng mit den f\u00fchrenden Handelsketten der Branche zusammen. Diese Zusammenarbeit hat es Meray Nuts erm\u00f6glicht, einen starken Platz auf dem Weltmarkt zu erlangen und den Bekanntheitsgrad unserer Marke zu steigern.    <\/p>\n<h5>Kundenzufriedenheit und Investition in die Zukunft<\/h5>\n<p>Hinter dem Erfolg von Meray Nuts steht das Vertrauen und die Zufriedenheit unserer Kunden. Unser kundenorientierter Ansatz erm\u00f6glicht es uns, bei jedem Schritt Qualit\u00e4t und Innovation in den Vordergrund zu stellen. Indem wir mit der technologischen Entwicklung Schritt halten, erneuern wir uns und unsere Produkte jeden Tag und sind bestrebt, unseren Kunden das beste Erlebnis zu bieten.  <\/p>\n<p>Als Meray Nuts sind wir bestrebt, unsere F\u00fchrungsrolle in der Branche zu behaupten und nachhaltigere, innovativere und k\u00f6stlichere Produkte f\u00fcr zuk\u00fcnftige Generationen zu entwickeln. Mit unserem hohen Qualit\u00e4tsanspruch und unserem Umweltbewusstsein werden wir auch in den kommenden Jahren eine Vorreiterrolle in der Trockennussbranche einnehmen. <\/p>\n\t\t\t\t\t\t\t\t<\/div>\n\t\t\t\t<\/div>\n\t\t\t\t\t<\/div>\n\t\t<\/div>\n\t\t\t\t\t<\/div>\n\t\t<\/section>\n\t\t\t\t\t<\/div>\n\t\t<\/div>\n\t\t\t\t\t<\/div>\n\t\t<\/section>\n\t\t\t\t<\/div>\n\t\t","protected":false},"excerpt":{"rendered":"<p>Meray Nuts Eine globale Macht in der Nussindustrie Unser Unternehmen wurde 1978 von Mehmet KILI\u00c7 als Familienunternehmen in Gaziantep, T\u00fcrkei, gegr\u00fcndet. Bis heute haben wir mit rasch zunehmender Dynamik immer neue Erfolge erzielt.W\u00e4hrend unserer 46-j\u00e4hrigen Reise waren wir immer die Pioniere der Ersten, indem wir die Verantwortung f\u00fcr viele Durchbr\u00fcche<\/p>\n","protected":false},"author":1,"featured_media":0,"parent":0,"menu_order":0,"comment_status":"closed","ping_status":"closed","template":"","meta":{"footnotes":""},"class_list":["post-4078","page","type-page","status-publish","hentry"],"yoast_head":"<!-- This site is optimized with the Yoast SEO plugin v25.4 - https:\/\/yoast.com\/wordpress\/plugins\/seo\/ -->\n<title>\u00dcber uns - Meray Nuts<\/title>\n<meta name=\"robots\" content=\"index, follow, max-snippet:-1, max-image-preview:large, max-video-preview:-1\" \/>\n<link rel=\"canonical\" href=\"https:\/\/meraynuts.com\/de\/ueber-uns\/\" \/>\n<meta property=\"og:locale\" content=\"de_DE\" \/>\n<meta property=\"og:type\" content=\"article\" \/>\n<meta property=\"og:title\" content=\"\u00dcber uns - Meray Nuts\" \/>\n<meta property=\"og:description\" content=\"Meray Nuts Eine globale Macht in der Nussindustrie Unser Unternehmen wurde 1978 von Mehmet KILI\u00c7 als Familienunternehmen in Gaziantep, T\u00fcrkei, gegr\u00fcndet. Bis heute haben wir mit rasch zunehmender Dynamik immer neue Erfolge erzielt.W\u00e4hrend unserer 46-j\u00e4hrigen Reise waren wir immer die Pioniere der Ersten, indem wir die Verantwortung f\u00fcr viele Durchbr\u00fcche\" \/>\n<meta property=\"og:url\" content=\"https:\/\/meraynuts.com\/de\/ueber-uns\/\" \/>\n<meta property=\"og:site_name\" content=\"Meray Nuts\" \/>\n<meta property=\"article:modified_time\" content=\"2024-10-14T07:06:34+00:00\" \/>\n<meta property=\"og:image\" content=\"https:\/\/meraynuts.com\/wp-content\/uploads\/2024\/09\/meray-1.jpg\" \/>\n<meta name=\"twitter:card\" content=\"summary_large_image\" \/>\n<meta name=\"twitter:label1\" content=\"Gesch\u00e4tzte Lesezeit\" \/>\n\t<meta name=\"twitter:data1\" content=\"4\u00a0Minuten\" \/>\n<script type=\"application\/ld+json\" class=\"yoast-schema-graph\">{\"@context\":\"https:\/\/schema.org\",\"@graph\":[{\"@type\":\"WebPage\",\"@id\":\"https:\/\/meraynuts.com\/de\/ueber-uns\/\",\"url\":\"https:\/\/meraynuts.com\/de\/ueber-uns\/\",\"name\":\"\u00dcber uns - Meray Nuts\",\"isPartOf\":{\"@id\":\"https:\/\/meraynuts.com\/de\/#website\"},\"primaryImageOfPage\":{\"@id\":\"https:\/\/meraynuts.com\/de\/ueber-uns\/#primaryimage\"},\"image\":{\"@id\":\"https:\/\/meraynuts.com\/de\/ueber-uns\/#primaryimage\"},\"thumbnailUrl\":\"https:\/\/meraynuts.com\/wp-content\/uploads\/2024\/09\/meray-1.jpg\",\"datePublished\":\"2022-07-11T12:07:28+00:00\",\"dateModified\":\"2024-10-14T07:06:34+00:00\",\"breadcrumb\":{\"@id\":\"https:\/\/meraynuts.com\/de\/ueber-uns\/#breadcrumb\"},\"inLanguage\":\"de\",\"potentialAction\":[{\"@type\":\"ReadAction\",\"target\":[\"https:\/\/meraynuts.com\/de\/ueber-uns\/\"]}]},{\"@type\":\"ImageObject\",\"inLanguage\":\"de\",\"@id\":\"https:\/\/meraynuts.com\/de\/ueber-uns\/#primaryimage\",\"url\":\"https:\/\/meraynuts.com\/wp-content\/uploads\/2024\/09\/meray-1.jpg\",\"contentUrl\":\"https:\/\/meraynuts.com\/wp-content\/uploads\/2024\/09\/meray-1.jpg\"},{\"@type\":\"BreadcrumbList\",\"@id\":\"https:\/\/meraynuts.com\/de\/ueber-uns\/#breadcrumb\",\"itemListElement\":[{\"@type\":\"ListItem\",\"position\":1,\"name\":\"Anasayfa\",\"item\":\"https:\/\/meraynuts.com\/\"},{\"@type\":\"ListItem\",\"position\":2,\"name\":\"\u00dcber uns\"}]},{\"@type\":\"WebSite\",\"@id\":\"https:\/\/meraynuts.com\/de\/#website\",\"url\":\"https:\/\/meraynuts.com\/de\/\",\"name\":\"Meray Nuts\",\"description\":\"\",\"potentialAction\":[{\"@type\":\"SearchAction\",\"target\":{\"@type\":\"EntryPoint\",\"urlTemplate\":\"https:\/\/meraynuts.com\/de\/?s={search_term_string}\"},\"query-input\":{\"@type\":\"PropertyValueSpecification\",\"valueRequired\":true,\"valueName\":\"search_term_string\"}}],\"inLanguage\":\"de\"}]}<\/script>\n<!-- \/ Yoast SEO plugin. -->","yoast_head_json":{"title":"\u00dcber uns - Meray Nuts","robots":{"index":"index","follow":"follow","max-snippet":"max-snippet:-1","max-image-preview":"max-image-preview:large","max-video-preview":"max-video-preview:-1"},"canonical":"https:\/\/meraynuts.com\/de\/ueber-uns\/","og_locale":"de_DE","og_type":"article","og_title":"\u00dcber uns - Meray Nuts","og_description":"Meray Nuts Eine globale Macht in der Nussindustrie Unser Unternehmen wurde 1978 von Mehmet KILI\u00c7 als Familienunternehmen in Gaziantep, T\u00fcrkei, gegr\u00fcndet. Bis heute haben wir mit rasch zunehmender Dynamik immer neue Erfolge erzielt.W\u00e4hrend unserer 46-j\u00e4hrigen Reise waren wir immer die Pioniere der Ersten, indem wir die Verantwortung f\u00fcr viele Durchbr\u00fcche","og_url":"https:\/\/meraynuts.com\/de\/ueber-uns\/","og_site_name":"Meray Nuts","article_modified_time":"2024-10-14T07:06:34+00:00","og_image":[{"url":"https:\/\/meraynuts.com\/wp-content\/uploads\/2024\/09\/meray-1.jpg","type":"","width":"","height":""}],"twitter_card":"summary_large_image","twitter_misc":{"Gesch\u00e4tzte Lesezeit":"4\u00a0Minuten"},"schema":{"@context":"https:\/\/schema.org","@graph":[{"@type":"WebPage","@id":"https:\/\/meraynuts.com\/de\/ueber-uns\/","url":"https:\/\/meraynuts.com\/de\/ueber-uns\/","name":"\u00dcber uns - Meray Nuts","isPartOf":{"@id":"https:\/\/meraynuts.com\/de\/#website"},"primaryImageOfPage":{"@id":"https:\/\/meraynuts.com\/de\/ueber-uns\/#primaryimage"},"image":{"@id":"https:\/\/meraynuts.com\/de\/ueber-uns\/#primaryimage"},"thumbnailUrl":"https:\/\/meraynuts.com\/wp-content\/uploads\/2024\/09\/meray-1.jpg","datePublished":"2022-07-11T12:07:28+00:00","dateModified":"2024-10-14T07:06:34+00:00","breadcrumb":{"@id":"https:\/\/meraynuts.com\/de\/ueber-uns\/#breadcrumb"},"inLanguage":"de","potentialAction":[{"@type":"ReadAction","target":["https:\/\/meraynuts.com\/de\/ueber-uns\/"]}]},{"@type":"ImageObject","inLanguage":"de","@id":"https:\/\/meraynuts.com\/de\/ueber-uns\/#primaryimage","url":"https:\/\/meraynuts.com\/wp-content\/uploads\/2024\/09\/meray-1.jpg","contentUrl":"https:\/\/meraynuts.com\/wp-content\/uploads\/2024\/09\/meray-1.jpg"},{"@type":"BreadcrumbList","@id":"https:\/\/meraynuts.com\/de\/ueber-uns\/#breadcrumb","itemListElement":[{"@type":"ListItem","position":1,"name":"Anasayfa","item":"https:\/\/meraynuts.com\/"},{"@type":"ListItem","position":2,"name":"\u00dcber uns"}]},{"@type":"WebSite","@id":"https:\/\/meraynuts.com\/de\/#website","url":"https:\/\/meraynuts.com\/de\/","name":"Meray Nuts","description":"","potentialAction":[{"@type":"SearchAction","target":{"@type":"EntryPoint","urlTemplate":"https:\/\/meraynuts.com\/de\/?s={search_term_string}"},"query-input":{"@type":"PropertyValueSpecification","valueRequired":true,"valueName":"search_term_string"}}],"inLanguage":"de"}]}},"_links":{"self":[{"href":"https:\/\/meraynuts.com\/de\/wp-json\/wp\/v2\/pages\/4078"}],"collection":[{"href":"https:\/\/meraynuts.com\/de\/wp-json\/wp\/v2\/pages"}],"about":[{"href":"https:\/\/meraynuts.com\/de\/wp-json\/wp\/v2\/types\/page"}],"author":[{"embeddable":true,"href":"https:\/\/meraynuts.com\/de\/wp-json\/wp\/v2\/users\/1"}],"replies":[{"embeddable":true,"href":"https:\/\/meraynuts.com\/de\/wp-json\/wp\/v2\/comments?post=4078"}],"version-history":[{"count":24,"href":"https:\/\/meraynuts.com\/de\/wp-json\/wp\/v2\/pages\/4078\/revisions"}],"predecessor-version":[{"id":4679,"href":"https:\/\/meraynuts.com\/de\/wp-json\/wp\/v2\/pages\/4078\/revisions\/4679"}],"wp:attachment":[{"href":"https:\/\/meraynuts.com\/de\/wp-json\/wp\/v2\/media?parent=4078"}],"curies":[{"name":"wp","href":"https:\/\/api.w.org\/{rel}","templated":true}]}}