{"id":4267,"date":"2024-09-30T14:37:09","date_gmt":"2024-09-30T14:37:09","guid":{"rendered":"https:\/\/meraynuts.com\/bilgi-gu%cc%88venlig%cc%86i-politikasi\/"},"modified":"2024-10-01T07:01:51","modified_gmt":"2024-10-01T07:01:51","slug":"politik-der-informationssicherheit","status":"publish","type":"page","link":"https:\/\/meraynuts.com\/de\/politik-der-informationssicherheit\/","title":{"rendered":"Politik der Informationssicherheit"},"content":{"rendered":"\t\t<div data-elementor-type=\"wp-page\" data-elementor-id=\"4267\" class=\"elementor elementor-4267 elementor-3791\">\n\t\t\t\t<div class=\"elementor-element elementor-element-cc28494 e-flex e-con-boxed e-con e-parent\" data-id=\"cc28494\" data-element_type=\"container\">\n\t\t\t\t\t<div class=\"e-con-inner\">\n\t\t\t\t<div class=\"elementor-element elementor-element-cd50427 elementor-widget elementor-widget-text-editor\" data-id=\"cd50427\" data-element_type=\"widget\" data-widget_type=\"text-editor.default\">\n\t\t\t\t<div class=\"elementor-widget-container\">\n\t\t\t\t\t\t\t\t\t<p><strong>Meray N\u00fcsse Informationssicherheitspolitik<\/strong><\/p><p>Als Meray N\u00fcsse-Unternehmen k\u00f6nnen wir im Rahmen unserer T\u00e4tigkeiten auf spezielle Zugangs-\/Verbindungsdaten unserer Kunden sowie auf besondere Passw\u00f6rter, Einstellungen und Kontaktinformationen kritischer Ger\u00e4te zugreifen. Unser vorrangiges Ziel ist es, das Vertrauen der von uns bedienten Institutionen und Unternehmen zu gew\u00e4hrleisten und die Sicherheit der von uns verwendeten Informationswerte sicherzustellen.<\/p><p>In diesem Zusammenhang sind unsere Beziehungen zu den Kunden, offiziellen Institutionen und unseren H\u00e4ndlern, mit denen wir zusammenarbeiten, von gro\u00dfem Wert. Die Kontinuit\u00e4t der von uns angebotenen Dienstleistungen, die Vertraulichkeit der Informationen, die wir verwalten, sowie die Integrit\u00e4t der Informationswerte unserer Kunden oder unserer internen Daten haben h\u00f6chste Priorit\u00e4t.<\/p><p>Zu diesem Zweck:<\/p><ul><li>Wir haben das ISO 27001:2013-System eingerichtet und verpflichten uns, dessen Wirksamkeit und kontinuierliche Verbesserung sicherzustellen.<\/li><li>Wir \u00fcberpr\u00fcfen kontinuierlich unsere Risiken und wenden Kontrollen f\u00fcr Risiken an, die \u00fcber dem akzeptablen Niveau liegen.<\/li><li>Wir halten das Bewusstsein unserer Mitarbeiter f\u00fcr Informationssicherheit auf einem hohen Niveau.<\/li><li>Wir verpflichten uns, die Gesetze und Vorschriften der Republik T\u00fcrkei vollst\u00e4ndig einzuhalten.<\/li><li>Wir \u00fcberpr\u00fcfen diese Politik j\u00e4hrlich, um sie auf dem neuesten Stand zu halten.<\/li><\/ul><p><strong>Gesch\u00e4ftsf\u00fchrer:<\/strong><br \/>Hasan KILI\u00c7<\/p>\t\t\t\t\t\t\t\t<\/div>\n\t\t\t\t<\/div>\n\t\t\t\t\t<\/div>\n\t\t\t\t<\/div>\n\t\t\t\t<\/div>\n\t\t","protected":false},"excerpt":{"rendered":"<p>Meray N\u00fcsse Informationssicherheitspolitik Als Meray N\u00fcsse-Unternehmen k\u00f6nnen wir im Rahmen unserer T\u00e4tigkeiten auf spezielle Zugangs-\/Verbindungsdaten unserer Kunden sowie auf besondere Passw\u00f6rter, Einstellungen und Kontaktinformationen kritischer Ger\u00e4te zugreifen. Unser vorrangiges Ziel ist es, das Vertrauen der von uns bedienten Institutionen und Unternehmen zu gew\u00e4hrleisten und die Sicherheit der von uns verwendeten<\/p>\n","protected":false},"author":1,"featured_media":0,"parent":0,"menu_order":0,"comment_status":"closed","ping_status":"closed","template":"","meta":{"footnotes":""},"class_list":["post-4267","page","type-page","status-publish","hentry"],"yoast_head":"<!-- This site is optimized with the Yoast SEO plugin v25.4 - https:\/\/yoast.com\/wordpress\/plugins\/seo\/ -->\n<title>Politik der Informationssicherheit - Meray Nuts<\/title>\n<meta name=\"robots\" content=\"index, follow, max-snippet:-1, max-image-preview:large, max-video-preview:-1\" \/>\n<link rel=\"canonical\" href=\"https:\/\/meraynuts.com\/bilgi-gu\u0308venlig\u0306i-politikasi\/\" \/>\n<meta property=\"og:locale\" content=\"de_DE\" \/>\n<meta property=\"og:type\" content=\"article\" \/>\n<meta property=\"og:title\" content=\"Politik der Informationssicherheit - Meray Nuts\" \/>\n<meta property=\"og:description\" content=\"Meray N\u00fcsse Informationssicherheitspolitik Als Meray N\u00fcsse-Unternehmen k\u00f6nnen wir im Rahmen unserer T\u00e4tigkeiten auf spezielle Zugangs-\/Verbindungsdaten unserer Kunden sowie auf besondere Passw\u00f6rter, Einstellungen und Kontaktinformationen kritischer Ger\u00e4te zugreifen. Unser vorrangiges Ziel ist es, das Vertrauen der von uns bedienten Institutionen und Unternehmen zu gew\u00e4hrleisten und die Sicherheit der von uns verwendeten\" \/>\n<meta property=\"og:url\" content=\"https:\/\/meraynuts.com\/bilgi-gu\u0308venlig\u0306i-politikasi\/\" \/>\n<meta property=\"og:site_name\" content=\"Meray Nuts\" \/>\n<meta property=\"article:modified_time\" content=\"2024-10-01T07:01:51+00:00\" \/>\n<meta name=\"twitter:card\" content=\"summary_large_image\" \/>\n<meta name=\"twitter:label1\" content=\"Gesch\u00e4tzte Lesezeit\" \/>\n\t<meta name=\"twitter:data1\" content=\"1\u00a0Minute\" \/>\n<script type=\"application\/ld+json\" class=\"yoast-schema-graph\">{\"@context\":\"https:\/\/schema.org\",\"@graph\":[{\"@type\":\"WebPage\",\"@id\":\"https:\/\/meraynuts.com\/bilgi-gu%cc%88venlig%cc%86i-politikasi\/\",\"url\":\"https:\/\/meraynuts.com\/bilgi-gu%cc%88venlig%cc%86i-politikasi\/\",\"name\":\"Politik der Informationssicherheit - Meray Nuts\",\"isPartOf\":{\"@id\":\"https:\/\/meraynuts.com\/de\/#website\"},\"datePublished\":\"2024-09-30T14:37:09+00:00\",\"dateModified\":\"2024-10-01T07:01:51+00:00\",\"breadcrumb\":{\"@id\":\"https:\/\/meraynuts.com\/bilgi-gu%cc%88venlig%cc%86i-politikasi\/#breadcrumb\"},\"inLanguage\":\"de\",\"potentialAction\":[{\"@type\":\"ReadAction\",\"target\":[\"https:\/\/meraynuts.com\/bilgi-gu%cc%88venlig%cc%86i-politikasi\/\"]}]},{\"@type\":\"BreadcrumbList\",\"@id\":\"https:\/\/meraynuts.com\/bilgi-gu%cc%88venlig%cc%86i-politikasi\/#breadcrumb\",\"itemListElement\":[{\"@type\":\"ListItem\",\"position\":1,\"name\":\"Anasayfa\",\"item\":\"https:\/\/meraynuts.com\/\"},{\"@type\":\"ListItem\",\"position\":2,\"name\":\"Politik der Informationssicherheit\"}]},{\"@type\":\"WebSite\",\"@id\":\"https:\/\/meraynuts.com\/de\/#website\",\"url\":\"https:\/\/meraynuts.com\/de\/\",\"name\":\"Meray Nuts\",\"description\":\"\",\"potentialAction\":[{\"@type\":\"SearchAction\",\"target\":{\"@type\":\"EntryPoint\",\"urlTemplate\":\"https:\/\/meraynuts.com\/de\/?s={search_term_string}\"},\"query-input\":{\"@type\":\"PropertyValueSpecification\",\"valueRequired\":true,\"valueName\":\"search_term_string\"}}],\"inLanguage\":\"de\"}]}<\/script>\n<!-- \/ Yoast SEO plugin. -->","yoast_head_json":{"title":"Politik der Informationssicherheit - Meray Nuts","robots":{"index":"index","follow":"follow","max-snippet":"max-snippet:-1","max-image-preview":"max-image-preview:large","max-video-preview":"max-video-preview:-1"},"canonical":"https:\/\/meraynuts.com\/bilgi-gu\u0308venlig\u0306i-politikasi\/","og_locale":"de_DE","og_type":"article","og_title":"Politik der Informationssicherheit - Meray Nuts","og_description":"Meray N\u00fcsse Informationssicherheitspolitik Als Meray N\u00fcsse-Unternehmen k\u00f6nnen wir im Rahmen unserer T\u00e4tigkeiten auf spezielle Zugangs-\/Verbindungsdaten unserer Kunden sowie auf besondere Passw\u00f6rter, Einstellungen und Kontaktinformationen kritischer Ger\u00e4te zugreifen. Unser vorrangiges Ziel ist es, das Vertrauen der von uns bedienten Institutionen und Unternehmen zu gew\u00e4hrleisten und die Sicherheit der von uns verwendeten","og_url":"https:\/\/meraynuts.com\/bilgi-gu\u0308venlig\u0306i-politikasi\/","og_site_name":"Meray Nuts","article_modified_time":"2024-10-01T07:01:51+00:00","twitter_card":"summary_large_image","twitter_misc":{"Gesch\u00e4tzte Lesezeit":"1\u00a0Minute"},"schema":{"@context":"https:\/\/schema.org","@graph":[{"@type":"WebPage","@id":"https:\/\/meraynuts.com\/bilgi-gu%cc%88venlig%cc%86i-politikasi\/","url":"https:\/\/meraynuts.com\/bilgi-gu%cc%88venlig%cc%86i-politikasi\/","name":"Politik der Informationssicherheit - Meray Nuts","isPartOf":{"@id":"https:\/\/meraynuts.com\/de\/#website"},"datePublished":"2024-09-30T14:37:09+00:00","dateModified":"2024-10-01T07:01:51+00:00","breadcrumb":{"@id":"https:\/\/meraynuts.com\/bilgi-gu%cc%88venlig%cc%86i-politikasi\/#breadcrumb"},"inLanguage":"de","potentialAction":[{"@type":"ReadAction","target":["https:\/\/meraynuts.com\/bilgi-gu%cc%88venlig%cc%86i-politikasi\/"]}]},{"@type":"BreadcrumbList","@id":"https:\/\/meraynuts.com\/bilgi-gu%cc%88venlig%cc%86i-politikasi\/#breadcrumb","itemListElement":[{"@type":"ListItem","position":1,"name":"Anasayfa","item":"https:\/\/meraynuts.com\/"},{"@type":"ListItem","position":2,"name":"Politik der Informationssicherheit"}]},{"@type":"WebSite","@id":"https:\/\/meraynuts.com\/de\/#website","url":"https:\/\/meraynuts.com\/de\/","name":"Meray Nuts","description":"","potentialAction":[{"@type":"SearchAction","target":{"@type":"EntryPoint","urlTemplate":"https:\/\/meraynuts.com\/de\/?s={search_term_string}"},"query-input":{"@type":"PropertyValueSpecification","valueRequired":true,"valueName":"search_term_string"}}],"inLanguage":"de"}]}},"_links":{"self":[{"href":"https:\/\/meraynuts.com\/de\/wp-json\/wp\/v2\/pages\/4267"}],"collection":[{"href":"https:\/\/meraynuts.com\/de\/wp-json\/wp\/v2\/pages"}],"about":[{"href":"https:\/\/meraynuts.com\/de\/wp-json\/wp\/v2\/types\/page"}],"author":[{"embeddable":true,"href":"https:\/\/meraynuts.com\/de\/wp-json\/wp\/v2\/users\/1"}],"replies":[{"embeddable":true,"href":"https:\/\/meraynuts.com\/de\/wp-json\/wp\/v2\/comments?post=4267"}],"version-history":[{"count":5,"href":"https:\/\/meraynuts.com\/de\/wp-json\/wp\/v2\/pages\/4267\/revisions"}],"predecessor-version":[{"id":4291,"href":"https:\/\/meraynuts.com\/de\/wp-json\/wp\/v2\/pages\/4267\/revisions\/4291"}],"wp:attachment":[{"href":"https:\/\/meraynuts.com\/de\/wp-json\/wp\/v2\/media?parent=4267"}],"curies":[{"name":"wp","href":"https:\/\/api.w.org\/{rel}","templated":true}]}}