{"id":4281,"date":"2024-09-30T14:34:06","date_gmt":"2024-09-30T14:34:06","guid":{"rendered":"https:\/\/meraynuts.com\/s%cc%a7irket-politikalarimiz\/"},"modified":"2024-10-01T07:19:18","modified_gmt":"2024-10-01T07:19:18","slug":"company-policies","status":"publish","type":"page","link":"https:\/\/meraynuts.com\/de\/company-policies\/","title":{"rendered":"Company Policies"},"content":{"rendered":"\t\t<div data-elementor-type=\"wp-page\" data-elementor-id=\"4281\" class=\"elementor elementor-4281 elementor-3786\">\n\t\t\t\t<div class=\"elementor-element elementor-element-a8f6a5c e-flex e-con-boxed e-con e-parent\" data-id=\"a8f6a5c\" data-element_type=\"container\">\n\t\t\t\t\t<div class=\"e-con-inner\">\n\t\t\t\t<div class=\"elementor-element elementor-element-011fc44 elementor-widget elementor-widget-text-editor\" data-id=\"011fc44\" data-element_type=\"widget\" data-widget_type=\"text-editor.default\">\n\t\t\t\t<div class=\"elementor-widget-container\">\n\t\t\t\t\t\t\t\t\t<p><strong>UNTERNEHMENSPOLITIK<\/strong><\/p><p>MERAY KURUYEMI\u015e hat es sich mit \u00fcber 40 Jahren Erfahrung in der Nussbranche zur Aufgabe gemacht, sorgf\u00e4ltig ausgew\u00e4hlte N\u00fcsse und Trockenfr\u00fcchte, die ihren Geschmack und ihre Frische bewahren, mithilfe moderner Technologie und mit einem Produktions- und Managementansatz, der die Lebensmittelsicherheit in den Vordergrund stellt, dem Kunden n\u00e4herzubringen.<\/p><p>Diese Vision, die den Grundstein f\u00fcr unseren Erfolg bildet, ist gleichzeitig der Schl\u00fcssel zur Erweiterung und Steigerung der Vielfalt und Qualit\u00e4t unseres Produktsortiments.<\/p><p><strong>QUALIT\u00c4TS- UND LEBENSMITTELSICHERHEITSPOLITIK<\/strong><\/p><p>Das Besondere an Meray-Produkten ist die Integration orientalischer, traditioneller R\u00f6stverfahren mit den M\u00f6glichkeiten technologischer Entwicklungen, um die Parameter Qualit\u00e4t und Geschmack zu erhalten. Dies wird in Verbindung mit einer kundenorientierten und lebensmittelsicherheitsbewussten Unternehmenskultur durch den Aufbau eines Qualit\u00e4tsmanagementsystems, des HACCP-Systems, IFS Food, ISO 22000, ISO 9001, des Arbeitsschutz- und Umweltmanagementsystems erreicht. Diese Managementsysteme, die auf Kundenzufriedenheit abzielen, spielen eine entscheidende Rolle bei der Pr\u00e4senz der Marke Meray in \u00fcber 50 L\u00e4ndern und der engen Zusammenarbeit mit f\u00fchrenden Einzelhandelsketten auf dem Markt. Zudem hat unser Unternehmen die internen und externen Rahmenbedingungen ermittelt, um die gew\u00fcnschten Ergebnisse der Managementsysteme zu erreichen. Diese Rahmenbedingungen werden regelm\u00e4\u00dfig bewertet und an sich ver\u00e4ndernde Gegebenheiten angepasst.<\/p><p>Bei Meray Kuruyemi\u015f wird der gesamte Produktionsprozess kontinuierlich im Hinblick auf die \u00dcbereinstimmung mit den Qualit\u00e4tsanforderungen in Bezug auf Produktsicherheit und Geschmack \u00fcberwacht. Die wichtigste Mission, die Meray Kuruyemi\u015f zu einem Marktf\u00fchrer macht, besteht darin, die Kundenerwartungen in Bezug auf Qualit\u00e4t und Lebensmittelsicherheit zu erf\u00fcllen, die vollst\u00e4ndige Einhaltung der gesetzlichen Bestimmungen auf den nationalen und internationalen M\u00e4rkten zu gew\u00e4hrleisten, die kontinuierliche Verbesserung der Lebensmittelsicherheits- und Qualit\u00e4tsprozesse durch Zielsetzungen zu f\u00f6rdern, eine effektive Kommunikation mit Lieferanten, Kunden und relevanten Institutionen in Bezug auf Lebensmittelsicherheitsfragen aufrechtzuerhalten und die Einhaltung der Lebensmittelsicherheitsprinzipien in allen Prozessen von der Ernte bis zum Endverbraucher zu gew\u00e4hrleisten. Unsere hochwertigen Produkte bieten nicht nur ein besonderes Geschmackserlebnis, sondern auch einen sehr hohen Qualit\u00e4ts- und Sicherheitsstandard. Die von zertifizierten Lieferanten bezogenen Rohstoffe m\u00fcssen den Spezifikationen entsprechen.<\/p><p>Meray Kuruyemi\u015f betrachtet es als Teil seiner Unternehmenskultur, das Bewusstsein f\u00fcr Qualit\u00e4t und Lebensmittelsicherheit durch kontinuierliche Schulungen seiner als Familienmitglieder angesehenen Mitarbeiter zu sch\u00e4rfen, seinen Verpflichtungen im Rahmen ethischer Grunds\u00e4tze nachzukommen, Chancengleichheit zu gew\u00e4hrleisten, die Privatsph\u00e4re zu respektieren und zu wahren sowie die Gesundheit seiner Mitarbeiter zu sch\u00fctzen.<\/p><p>Meray Kuruyemi\u015f; stellt die Kundenzufriedenheit gem\u00e4\u00df den Prinzipien des kundenorientierten Ansatzes in den Vordergrund, entwickelt sich kontinuierlich weiter, um sichere, hygienische und qualitativ hochwertige Produkte rechtzeitig und frisch herzustellen, indem es die wissenschaftlichen und technologischen Entwicklungen st\u00e4ndig verfolgt, arbeitet nach einem Umweltschutzbewusstsein mit dem Ziel, Abfall zu minimieren und die Natur zu respektieren, hat es sich zur Unternehmenspolitik gemacht und verpflichtet sich, alle oben genannten Kriterien einzuhalten, indem es alle Mitarbeiter in Bezug auf Lebensmittelsicherheit und Produktqualit\u00e4t einbezieht und sichert, dass alle hergestellten Produkte sicher, von hoher Qualit\u00e4t und gesetzeskonform sind.<\/p><p><strong>Gesch\u00e4ftsf\u00fchrer:<\/strong><br \/>Hasan KILI\u00c7<\/p>\t\t\t\t\t\t\t\t<\/div>\n\t\t\t\t<\/div>\n\t\t\t\t\t<\/div>\n\t\t\t\t<\/div>\n\t\t\t\t<\/div>\n\t\t","protected":false},"excerpt":{"rendered":"<p>UNTERNEHMENSPOLITIK MERAY KURUYEMI\u015e hat es sich mit \u00fcber 40 Jahren Erfahrung in der Nussbranche zur Aufgabe gemacht, sorgf\u00e4ltig ausgew\u00e4hlte N\u00fcsse und Trockenfr\u00fcchte, die ihren Geschmack und ihre Frische bewahren, mithilfe moderner Technologie und mit einem Produktions- und Managementansatz, der die Lebensmittelsicherheit in den Vordergrund stellt, dem Kunden n\u00e4herzubringen. Diese Vision,<\/p>\n","protected":false},"author":1,"featured_media":0,"parent":0,"menu_order":0,"comment_status":"closed","ping_status":"closed","template":"","meta":{"footnotes":""},"class_list":["post-4281","page","type-page","status-publish","hentry"],"yoast_head":"<!-- This site is optimized with the Yoast SEO plugin v25.4 - https:\/\/yoast.com\/wordpress\/plugins\/seo\/ -->\n<title>Company Policies - Meray Nuts<\/title>\n<meta name=\"robots\" content=\"index, follow, max-snippet:-1, max-image-preview:large, max-video-preview:-1\" \/>\n<link rel=\"canonical\" href=\"https:\/\/meraynuts.com\/s\u0327irket-politikalarimiz\/\" \/>\n<meta property=\"og:locale\" content=\"de_DE\" \/>\n<meta property=\"og:type\" content=\"article\" \/>\n<meta property=\"og:title\" content=\"Company Policies - Meray Nuts\" \/>\n<meta property=\"og:description\" content=\"UNTERNEHMENSPOLITIK MERAY KURUYEMI\u015e hat es sich mit \u00fcber 40 Jahren Erfahrung in der Nussbranche zur Aufgabe gemacht, sorgf\u00e4ltig ausgew\u00e4hlte N\u00fcsse und Trockenfr\u00fcchte, die ihren Geschmack und ihre Frische bewahren, mithilfe moderner Technologie und mit einem Produktions- und Managementansatz, der die Lebensmittelsicherheit in den Vordergrund stellt, dem Kunden n\u00e4herzubringen. Diese Vision,\" \/>\n<meta property=\"og:url\" content=\"https:\/\/meraynuts.com\/s\u0327irket-politikalarimiz\/\" \/>\n<meta property=\"og:site_name\" content=\"Meray Nuts\" \/>\n<meta property=\"article:modified_time\" content=\"2024-10-01T07:19:18+00:00\" \/>\n<meta name=\"twitter:card\" content=\"summary_large_image\" \/>\n<meta name=\"twitter:label1\" content=\"Gesch\u00e4tzte Lesezeit\" \/>\n\t<meta name=\"twitter:data1\" content=\"2\u00a0Minuten\" \/>\n<script type=\"application\/ld+json\" class=\"yoast-schema-graph\">{\"@context\":\"https:\/\/schema.org\",\"@graph\":[{\"@type\":\"WebPage\",\"@id\":\"https:\/\/meraynuts.com\/s%cc%a7irket-politikalarimiz\/\",\"url\":\"https:\/\/meraynuts.com\/s%cc%a7irket-politikalarimiz\/\",\"name\":\"Company Policies - Meray Nuts\",\"isPartOf\":{\"@id\":\"https:\/\/meraynuts.com\/de\/#website\"},\"datePublished\":\"2024-09-30T14:34:06+00:00\",\"dateModified\":\"2024-10-01T07:19:18+00:00\",\"breadcrumb\":{\"@id\":\"https:\/\/meraynuts.com\/s%cc%a7irket-politikalarimiz\/#breadcrumb\"},\"inLanguage\":\"de\",\"potentialAction\":[{\"@type\":\"ReadAction\",\"target\":[\"https:\/\/meraynuts.com\/s%cc%a7irket-politikalarimiz\/\"]}]},{\"@type\":\"BreadcrumbList\",\"@id\":\"https:\/\/meraynuts.com\/s%cc%a7irket-politikalarimiz\/#breadcrumb\",\"itemListElement\":[{\"@type\":\"ListItem\",\"position\":1,\"name\":\"Anasayfa\",\"item\":\"https:\/\/meraynuts.com\/\"},{\"@type\":\"ListItem\",\"position\":2,\"name\":\"Company Policies\"}]},{\"@type\":\"WebSite\",\"@id\":\"https:\/\/meraynuts.com\/de\/#website\",\"url\":\"https:\/\/meraynuts.com\/de\/\",\"name\":\"Meray Nuts\",\"description\":\"\",\"potentialAction\":[{\"@type\":\"SearchAction\",\"target\":{\"@type\":\"EntryPoint\",\"urlTemplate\":\"https:\/\/meraynuts.com\/de\/?s={search_term_string}\"},\"query-input\":{\"@type\":\"PropertyValueSpecification\",\"valueRequired\":true,\"valueName\":\"search_term_string\"}}],\"inLanguage\":\"de\"}]}<\/script>\n<!-- \/ Yoast SEO plugin. -->","yoast_head_json":{"title":"Company Policies - Meray Nuts","robots":{"index":"index","follow":"follow","max-snippet":"max-snippet:-1","max-image-preview":"max-image-preview:large","max-video-preview":"max-video-preview:-1"},"canonical":"https:\/\/meraynuts.com\/s\u0327irket-politikalarimiz\/","og_locale":"de_DE","og_type":"article","og_title":"Company Policies - Meray Nuts","og_description":"UNTERNEHMENSPOLITIK MERAY KURUYEMI\u015e hat es sich mit \u00fcber 40 Jahren Erfahrung in der Nussbranche zur Aufgabe gemacht, sorgf\u00e4ltig ausgew\u00e4hlte N\u00fcsse und Trockenfr\u00fcchte, die ihren Geschmack und ihre Frische bewahren, mithilfe moderner Technologie und mit einem Produktions- und Managementansatz, der die Lebensmittelsicherheit in den Vordergrund stellt, dem Kunden n\u00e4herzubringen. Diese Vision,","og_url":"https:\/\/meraynuts.com\/s\u0327irket-politikalarimiz\/","og_site_name":"Meray Nuts","article_modified_time":"2024-10-01T07:19:18+00:00","twitter_card":"summary_large_image","twitter_misc":{"Gesch\u00e4tzte Lesezeit":"2\u00a0Minuten"},"schema":{"@context":"https:\/\/schema.org","@graph":[{"@type":"WebPage","@id":"https:\/\/meraynuts.com\/s%cc%a7irket-politikalarimiz\/","url":"https:\/\/meraynuts.com\/s%cc%a7irket-politikalarimiz\/","name":"Company Policies - Meray Nuts","isPartOf":{"@id":"https:\/\/meraynuts.com\/de\/#website"},"datePublished":"2024-09-30T14:34:06+00:00","dateModified":"2024-10-01T07:19:18+00:00","breadcrumb":{"@id":"https:\/\/meraynuts.com\/s%cc%a7irket-politikalarimiz\/#breadcrumb"},"inLanguage":"de","potentialAction":[{"@type":"ReadAction","target":["https:\/\/meraynuts.com\/s%cc%a7irket-politikalarimiz\/"]}]},{"@type":"BreadcrumbList","@id":"https:\/\/meraynuts.com\/s%cc%a7irket-politikalarimiz\/#breadcrumb","itemListElement":[{"@type":"ListItem","position":1,"name":"Anasayfa","item":"https:\/\/meraynuts.com\/"},{"@type":"ListItem","position":2,"name":"Company Policies"}]},{"@type":"WebSite","@id":"https:\/\/meraynuts.com\/de\/#website","url":"https:\/\/meraynuts.com\/de\/","name":"Meray Nuts","description":"","potentialAction":[{"@type":"SearchAction","target":{"@type":"EntryPoint","urlTemplate":"https:\/\/meraynuts.com\/de\/?s={search_term_string}"},"query-input":{"@type":"PropertyValueSpecification","valueRequired":true,"valueName":"search_term_string"}}],"inLanguage":"de"}]}},"_links":{"self":[{"href":"https:\/\/meraynuts.com\/de\/wp-json\/wp\/v2\/pages\/4281"}],"collection":[{"href":"https:\/\/meraynuts.com\/de\/wp-json\/wp\/v2\/pages"}],"about":[{"href":"https:\/\/meraynuts.com\/de\/wp-json\/wp\/v2\/types\/page"}],"author":[{"embeddable":true,"href":"https:\/\/meraynuts.com\/de\/wp-json\/wp\/v2\/users\/1"}],"replies":[{"embeddable":true,"href":"https:\/\/meraynuts.com\/de\/wp-json\/wp\/v2\/comments?post=4281"}],"version-history":[{"count":5,"href":"https:\/\/meraynuts.com\/de\/wp-json\/wp\/v2\/pages\/4281\/revisions"}],"predecessor-version":[{"id":4315,"href":"https:\/\/meraynuts.com\/de\/wp-json\/wp\/v2\/pages\/4281\/revisions\/4315"}],"wp:attachment":[{"href":"https:\/\/meraynuts.com\/de\/wp-json\/wp\/v2\/media?parent=4281"}],"curies":[{"name":"wp","href":"https:\/\/api.w.org\/{rel}","templated":true}]}}