{"id":4333,"date":"2024-09-30T17:40:00","date_gmt":"2024-09-30T17:40:00","guid":{"rendered":"https:\/\/meraynuts.com\/product\/sultani-uezuem\/"},"modified":"2024-10-01T08:58:14","modified_gmt":"2024-10-01T08:58:14","slug":"rosinen-golden","status":"publish","type":"product","link":"https:\/\/meraynuts.com\/de\/produkt\/rosinen-golden\/","title":{"rendered":"Rosinen Golden"},"content":{"rendered":"<p><em><strong>N\u00e4hrwerte<\/strong>\u00a0(pro 100 g) (diese k\u00f6nnen je nach Sorte abweichen)<\/em><\/p>\n<table width=\"100%\">\n<colgroup>\n<col width=\"50%\" \/>\n<col width=\"50%\" \/><\/colgroup>\n<tbody>\n<tr>\n<td>Energie<\/td>\n<td>1377 kJ \/ 324 kcal<\/td>\n<\/tr>\n<tr>\n<td>Fett<\/td>\n<td>0,7 g<\/td>\n<\/tr>\n<tr>\n<td>davon ges\u00e4ttigte Fetts\u00e4uren<\/td>\n<td>0,2 g<\/td>\n<\/tr>\n<tr>\n<td>Kohlenhydrate<\/td>\n<td>74,9 g<\/td>\n<\/tr>\n<tr>\n<td>davon Zucker<\/td>\n<td>67,8 g<\/td>\n<\/tr>\n<tr>\n<td>Eiwei\u00df<\/td>\n<td>2,8 g<\/td>\n<\/tr>\n<tr>\n<td>Salz<\/td>\n<td>0,02 g<\/td>\n<\/tr>\n<\/tbody>\n<\/table>\n","protected":false},"excerpt":{"rendered":"<div style=\"text-align: center;\"><img decoding=\"async\" style=\"max-width: 100%; height: auto;\" src=\"https:\/\/meraynuts.com\/wp-content\/uploads\/2024\/09\/rosinen-golden.png\" alt=\"Sultaninen und Rosinen Image\" \/><\/div>\n<table style=\"width: 100%; border-collapse: collapse; font-family: Arial, sans-serif;\">\n<tbody>\n<tr>\n<th style=\"text-align: left; padding: 10px; border: 1px solid #ddd; background-color: #f8f8f8; color: #d32f2f;\">\u00dcber das Produkt:<\/th>\n<td style=\"padding: 10px; border: 1px solid #ddd;\">Sultaninen und Rosinen werden aus der kernlosen, d\u00fcnnh\u00e4utigen und besonders s\u00fc\u00dfen, wei\u00dfen Sultana-Traube hergestellt. Ein einzigartiger Genuss!<\/td>\n<\/tr>\n<tr>\n<th style=\"text-align: left; padding: 10px; border: 1px solid #ddd; background-color: #f8f8f8; color: #d32f2f;\">Merkmale:<\/th>\n<td style=\"padding: 10px; border: 1px solid #ddd;\">Typisch fruchtiger Geruch. S\u00fc\u00dfer, fruchtiger Geschmack. Farbenbereich von hellgelb bis kr\u00e4ftig gelb, dunkelrot bis schwarz. Ovale Form.<\/td>\n<\/tr>\n<tr>\n<th style=\"text-align: left; padding: 10px; border: 1px solid #ddd; background-color: #f8f8f8; color: #d32f2f;\">Erntezeit:<\/th>\n<td style=\"padding: 10px; border: 1px solid #ddd;\">Februar<\/td>\n<\/tr>\n<tr>\n<th style=\"text-align: left; padding: 10px; border: 1px solid #ddd; background-color: #f8f8f8; color: #d32f2f;\">Verarbeitung:<\/th>\n<td style=\"padding: 10px; border: 1px solid #ddd;\">Rosinen erh\u00e4lt man, indem man Trauben lange genug trocknen l\u00e4sst. Entweder unter freiem Himmel an der Sonne oder in speziellen Anlagen, in denen den Trauben gen\u00fcgend W\u00e4rme zugef\u00fchrt wird. Sie werden hier im Hause verpackt.<\/td>\n<\/tr>\n<tr>\n<th style=\"text-align: left; padding: 10px; border: 1px solid #ddd; background-color: #f8f8f8; color: #d32f2f;\">Anbau:<\/th>\n<td style=\"padding: 10px; border: 1px solid #ddd;\">S\u00fcdafrika und Chile. Es gibt helle und dunkle Sultanien. Die Farbe der Sultaninen hat jedoch nichts mit der Farbe der frischen Weintrauben zu tun. Alle Sultaninen, auch die dunklen, stammen von gr\u00fcnen Weintrauben ab. Durch unterschiedliche Trocknungsprozesse erreicht man die verschiedenen F\u00e4rbungen. Die \u201eGolden\u201c Rosinen sind geschwefelt.<\/td>\n<\/tr>\n<tr>\n<th style=\"text-align: left; padding: 10px; border: 1px solid #ddd; background-color: #f8f8f8; color: #d32f2f;\">Verpackungsgr\u00f6\u00dfen:<\/th>\n<td style=\"padding: 10px; border: 1px solid #ddd;\">250 g<\/td>\n<\/tr>\n<\/tbody>\n<\/table>\n","protected":false},"featured_media":4035,"template":"","meta":[],"product_cat":[62,60],"product_tag":[],"class_list":{"0":"post-4333","1":"product","2":"type-product","3":"status-publish","4":"has-post-thumbnail","6":"product_cat-alle-produkte","7":"product_cat-trockenfruchte","9":"first","10":"instock","11":"shipping-taxable","12":"product-type-simple"},"yoast_head":"<!-- This site is optimized with the Yoast SEO plugin v25.4 - https:\/\/yoast.com\/wordpress\/plugins\/seo\/ -->\n<title>Rosinen Golden - Meray Nuts<\/title>\n<meta name=\"robots\" content=\"index, follow, max-snippet:-1, max-image-preview:large, max-video-preview:-1\" \/>\n<link rel=\"canonical\" href=\"https:\/\/meraynuts.com\/produkt\/sultani-uzum\/\" \/>\n<meta property=\"og:locale\" content=\"de_DE\" \/>\n<meta property=\"og:type\" content=\"article\" \/>\n<meta property=\"og:title\" content=\"Rosinen Golden - Meray Nuts\" \/>\n<meta property=\"og:description\" content=\"\u00dcber das Produkt: Sultaninen und Rosinen werden aus der kernlosen, d\u00fcnnh\u00e4utigen und besonders s\u00fc\u00dfen, wei\u00dfen Sultana-Traube hergestellt. Ein einzigartiger Genuss!   Merkmale: Typisch fruchtiger Geruch. S\u00fc\u00dfer, fruchtiger Geschmack. Farbenbereich von hellgelb bis kr\u00e4ftig gelb, dunkelrot bis schwarz. Ovale Form.   Erntezeit: Februar   Verarbeitung: Rosinen erh\u00e4lt man, indem man Trauben lange genug trocknen l\u00e4sst. Entweder unter freiem Himmel an der Sonne oder in speziellen Anlagen, in denen den Trauben gen\u00fcgend W\u00e4rme zugef\u00fchrt wird. Sie werden hier im Hause verpackt.   Anbau: S\u00fcdafrika und Chile. Es gibt helle und dunkle Sultanien. Die Farbe der Sultaninen hat jedoch nichts mit der Farbe der frischen Weintrauben zu tun. Alle Sultaninen, auch die dunklen, stammen von gr\u00fcnen Weintrauben ab. Durch unterschiedliche Trocknungsprozesse erreicht man die verschiedenen F\u00e4rbungen. Die \u201eGolden\u201c Rosinen sind geschwefelt.   Verpackungsgr\u00f6\u00dfen: 250 g\" \/>\n<meta property=\"og:url\" content=\"https:\/\/meraynuts.com\/produkt\/sultani-uzum\/\" \/>\n<meta property=\"og:site_name\" content=\"Meray Nuts\" \/>\n<meta property=\"article:modified_time\" content=\"2024-10-01T08:58:14+00:00\" \/>\n<meta property=\"og:image\" content=\"https:\/\/meraynuts.com\/wp-content\/uploads\/2024\/09\/2020-rosinen-golden.png\" \/>\n\t<meta property=\"og:image:width\" content=\"800\" \/>\n\t<meta property=\"og:image:height\" content=\"1100\" \/>\n\t<meta property=\"og:image:type\" content=\"image\/png\" \/>\n<meta name=\"twitter:card\" content=\"summary_large_image\" \/>\n<script type=\"application\/ld+json\" class=\"yoast-schema-graph\">{\"@context\":\"https:\/\/schema.org\",\"@graph\":[{\"@type\":\"WebPage\",\"@id\":\"https:\/\/meraynuts.com\/produkt\/sultani-uzum\/\",\"url\":\"https:\/\/meraynuts.com\/produkt\/sultani-uzum\/\",\"name\":\"Rosinen Golden - Meray Nuts\",\"isPartOf\":{\"@id\":\"https:\/\/meraynuts.com\/de\/#website\"},\"primaryImageOfPage\":{\"@id\":\"https:\/\/meraynuts.com\/produkt\/sultani-uzum\/#primaryimage\"},\"image\":{\"@id\":\"https:\/\/meraynuts.com\/produkt\/sultani-uzum\/#primaryimage\"},\"thumbnailUrl\":\"https:\/\/meraynuts.com\/wp-content\/uploads\/2024\/09\/2020-rosinen-golden.png\",\"datePublished\":\"2024-09-30T17:40:00+00:00\",\"dateModified\":\"2024-10-01T08:58:14+00:00\",\"breadcrumb\":{\"@id\":\"https:\/\/meraynuts.com\/produkt\/sultani-uzum\/#breadcrumb\"},\"inLanguage\":\"de\",\"potentialAction\":[{\"@type\":\"ReadAction\",\"target\":[\"https:\/\/meraynuts.com\/produkt\/sultani-uzum\/\"]}]},{\"@type\":\"ImageObject\",\"inLanguage\":\"de\",\"@id\":\"https:\/\/meraynuts.com\/produkt\/sultani-uzum\/#primaryimage\",\"url\":\"https:\/\/meraynuts.com\/wp-content\/uploads\/2024\/09\/2020-rosinen-golden.png\",\"contentUrl\":\"https:\/\/meraynuts.com\/wp-content\/uploads\/2024\/09\/2020-rosinen-golden.png\",\"width\":800,\"height\":1100},{\"@type\":\"BreadcrumbList\",\"@id\":\"https:\/\/meraynuts.com\/produkt\/sultani-uzum\/#breadcrumb\",\"itemListElement\":[{\"@type\":\"ListItem\",\"position\":1,\"name\":\"Anasayfa\",\"item\":\"https:\/\/meraynuts.com\/\"},{\"@type\":\"ListItem\",\"position\":2,\"name\":\"Shop\",\"item\":\"https:\/\/meraynuts.com\/de\/shop\/\"},{\"@type\":\"ListItem\",\"position\":3,\"name\":\"Rosinen Golden\"}]},{\"@type\":\"WebSite\",\"@id\":\"https:\/\/meraynuts.com\/de\/#website\",\"url\":\"https:\/\/meraynuts.com\/de\/\",\"name\":\"Meray Nuts\",\"description\":\"\",\"potentialAction\":[{\"@type\":\"SearchAction\",\"target\":{\"@type\":\"EntryPoint\",\"urlTemplate\":\"https:\/\/meraynuts.com\/de\/?s={search_term_string}\"},\"query-input\":{\"@type\":\"PropertyValueSpecification\",\"valueRequired\":true,\"valueName\":\"search_term_string\"}}],\"inLanguage\":\"de\"}]}<\/script>\n<!-- \/ Yoast SEO plugin. -->","yoast_head_json":{"title":"Rosinen Golden - Meray Nuts","robots":{"index":"index","follow":"follow","max-snippet":"max-snippet:-1","max-image-preview":"max-image-preview:large","max-video-preview":"max-video-preview:-1"},"canonical":"https:\/\/meraynuts.com\/produkt\/sultani-uzum\/","og_locale":"de_DE","og_type":"article","og_title":"Rosinen Golden - Meray Nuts","og_description":"\u00dcber das Produkt: Sultaninen und Rosinen werden aus der kernlosen, d\u00fcnnh\u00e4utigen und besonders s\u00fc\u00dfen, wei\u00dfen Sultana-Traube hergestellt. Ein einzigartiger Genuss!   Merkmale: Typisch fruchtiger Geruch. S\u00fc\u00dfer, fruchtiger Geschmack. Farbenbereich von hellgelb bis kr\u00e4ftig gelb, dunkelrot bis schwarz. Ovale Form.   Erntezeit: Februar   Verarbeitung: Rosinen erh\u00e4lt man, indem man Trauben lange genug trocknen l\u00e4sst. Entweder unter freiem Himmel an der Sonne oder in speziellen Anlagen, in denen den Trauben gen\u00fcgend W\u00e4rme zugef\u00fchrt wird. Sie werden hier im Hause verpackt.   Anbau: S\u00fcdafrika und Chile. Es gibt helle und dunkle Sultanien. Die Farbe der Sultaninen hat jedoch nichts mit der Farbe der frischen Weintrauben zu tun. Alle Sultaninen, auch die dunklen, stammen von gr\u00fcnen Weintrauben ab. Durch unterschiedliche Trocknungsprozesse erreicht man die verschiedenen F\u00e4rbungen. Die \u201eGolden\u201c Rosinen sind geschwefelt.   Verpackungsgr\u00f6\u00dfen: 250 g","og_url":"https:\/\/meraynuts.com\/produkt\/sultani-uzum\/","og_site_name":"Meray Nuts","article_modified_time":"2024-10-01T08:58:14+00:00","og_image":[{"width":800,"height":1100,"url":"https:\/\/meraynuts.com\/wp-content\/uploads\/2024\/09\/2020-rosinen-golden.png","type":"image\/png"}],"twitter_card":"summary_large_image","schema":{"@context":"https:\/\/schema.org","@graph":[{"@type":"WebPage","@id":"https:\/\/meraynuts.com\/produkt\/sultani-uzum\/","url":"https:\/\/meraynuts.com\/produkt\/sultani-uzum\/","name":"Rosinen Golden - Meray Nuts","isPartOf":{"@id":"https:\/\/meraynuts.com\/de\/#website"},"primaryImageOfPage":{"@id":"https:\/\/meraynuts.com\/produkt\/sultani-uzum\/#primaryimage"},"image":{"@id":"https:\/\/meraynuts.com\/produkt\/sultani-uzum\/#primaryimage"},"thumbnailUrl":"https:\/\/meraynuts.com\/wp-content\/uploads\/2024\/09\/2020-rosinen-golden.png","datePublished":"2024-09-30T17:40:00+00:00","dateModified":"2024-10-01T08:58:14+00:00","breadcrumb":{"@id":"https:\/\/meraynuts.com\/produkt\/sultani-uzum\/#breadcrumb"},"inLanguage":"de","potentialAction":[{"@type":"ReadAction","target":["https:\/\/meraynuts.com\/produkt\/sultani-uzum\/"]}]},{"@type":"ImageObject","inLanguage":"de","@id":"https:\/\/meraynuts.com\/produkt\/sultani-uzum\/#primaryimage","url":"https:\/\/meraynuts.com\/wp-content\/uploads\/2024\/09\/2020-rosinen-golden.png","contentUrl":"https:\/\/meraynuts.com\/wp-content\/uploads\/2024\/09\/2020-rosinen-golden.png","width":800,"height":1100},{"@type":"BreadcrumbList","@id":"https:\/\/meraynuts.com\/produkt\/sultani-uzum\/#breadcrumb","itemListElement":[{"@type":"ListItem","position":1,"name":"Anasayfa","item":"https:\/\/meraynuts.com\/"},{"@type":"ListItem","position":2,"name":"Shop","item":"https:\/\/meraynuts.com\/de\/shop\/"},{"@type":"ListItem","position":3,"name":"Rosinen Golden"}]},{"@type":"WebSite","@id":"https:\/\/meraynuts.com\/de\/#website","url":"https:\/\/meraynuts.com\/de\/","name":"Meray Nuts","description":"","potentialAction":[{"@type":"SearchAction","target":{"@type":"EntryPoint","urlTemplate":"https:\/\/meraynuts.com\/de\/?s={search_term_string}"},"query-input":{"@type":"PropertyValueSpecification","valueRequired":true,"valueName":"search_term_string"}}],"inLanguage":"de"}]}},"_links":{"self":[{"href":"https:\/\/meraynuts.com\/de\/wp-json\/wp\/v2\/product\/4333"}],"collection":[{"href":"https:\/\/meraynuts.com\/de\/wp-json\/wp\/v2\/product"}],"about":[{"href":"https:\/\/meraynuts.com\/de\/wp-json\/wp\/v2\/types\/product"}],"wp:featuredmedia":[{"embeddable":true,"href":"https:\/\/meraynuts.com\/de\/wp-json\/wp\/v2\/media\/4035"}],"wp:attachment":[{"href":"https:\/\/meraynuts.com\/de\/wp-json\/wp\/v2\/media?parent=4333"}],"wp:term":[{"taxonomy":"product_cat","embeddable":true,"href":"https:\/\/meraynuts.com\/de\/wp-json\/wp\/v2\/product_cat?post=4333"},{"taxonomy":"product_tag","embeddable":true,"href":"https:\/\/meraynuts.com\/de\/wp-json\/wp\/v2\/product_tag?post=4333"}],"curies":[{"name":"wp","href":"https:\/\/api.w.org\/{rel}","templated":true}]}}