{"id":4338,"date":"2024-09-30T17:32:53","date_gmt":"2024-09-30T17:32:53","guid":{"rendered":"https:\/\/meraynuts.com\/product\/soslu-misir\/"},"modified":"2024-10-01T08:53:38","modified_gmt":"2024-10-01T08:53:38","slug":"mais","status":"publish","type":"product","link":"https:\/\/meraynuts.com\/de\/produkt\/mais\/","title":{"rendered":"Mais"},"content":{"rendered":"<p><em><strong>N\u00e4hrwerte<\/strong>\u00a0(pro 100g)<\/em><\/p>\n<table width=\"100%\">\n<colgroup>\n<col width=\"50%\" \/>\n<col width=\"50%\" \/><\/colgroup>\n<tbody>\n<tr>\n<td>Energie<\/td>\n<td>1874 kJ \/ 446 kcal<\/td>\n<\/tr>\n<tr>\n<td>Fett<\/td>\n<td>14,7 g<\/td>\n<\/tr>\n<tr>\n<td>davon ges\u00e4ttigte Fetts\u00e4uren<\/td>\n<td>7,3 g<\/td>\n<\/tr>\n<tr>\n<td>Kohlenhydrate<\/td>\n<td>68,9 g<\/td>\n<\/tr>\n<tr>\n<td>davon Zucker<\/td>\n<td>&lt; 1,0 g<\/td>\n<\/tr>\n<tr>\n<td>Eiwei\u00df<\/td>\n<td>7,4 g<\/td>\n<\/tr>\n<tr>\n<td>Salz<\/td>\n<td>2,8 g<\/td>\n<\/tr>\n<\/tbody>\n<\/table>\n","protected":false},"excerpt":{"rendered":"<div style=\"text-align: center;\"><img decoding=\"async\" style=\"max-width: 100%; height: auto;\" src=\"https:\/\/meraynuts.com\/wp-content\/uploads\/2024\/09\/mais-gesalzen.png\" alt=\"Gesalzener Mais Image\" \/><\/div>\n<table style=\"width: 100%; border-collapse: collapse; font-family: Arial, sans-serif;\">\n<tbody>\n<tr>\n<th style=\"text-align: left; padding: 10px; border: 1px solid #ddd; background-color: #f8f8f8; color: #d32f2f;\">\u00dcber das Produkt:<\/th>\n<td style=\"padding: 10px; border: 1px solid #ddd;\">Ein knackiger Snack.<\/td>\n<\/tr>\n<tr>\n<th style=\"text-align: left; padding: 10px; border: 1px solid #ddd; background-color: #f8f8f8; color: #d32f2f;\">Merkmale:<\/th>\n<td style=\"padding: 10px; border: 1px solid #ddd;\">Angenehmer nat\u00fcrlicher Duft von ger\u00f6stetem Mais. Guter Geschmack von bissfestem ger\u00f6stetem Mais.<\/td>\n<\/tr>\n<tr>\n<th style=\"text-align: left; padding: 10px; border: 1px solid #ddd; background-color: #f8f8f8; color: #d32f2f;\">Ernte:<\/th>\n<td style=\"padding: 10px; border: 1px solid #ddd;\">Der Erntezeitpunkt richtet sich nach der Nutzung.<\/td>\n<\/tr>\n<tr>\n<th style=\"text-align: left; padding: 10px; border: 1px solid #ddd; background-color: #f8f8f8; color: #d32f2f;\">Verarbeitung:<\/th>\n<td style=\"padding: 10px; border: 1px solid #ddd;\">S\u00e4ubern, trocknen, r\u00f6sten, salzen und verpacken.<\/td>\n<\/tr>\n<tr>\n<th style=\"text-align: left; padding: 10px; border: 1px solid #ddd; background-color: #f8f8f8; color: #d32f2f;\">Anbau:<\/th>\n<td style=\"padding: 10px; border: 1px solid #ddd;\">Mais geh\u00f6rt zur Familie der Gr\u00e4ser (Poaceae). Er wird 1,5 bis 2,5 m hoch. Seit etwa 1970 wird Mais gro\u00dffl\u00e4chig in Mitteleuropa angebaut.<\/td>\n<\/tr>\n<tr>\n<th style=\"text-align: left; padding: 10px; border: 1px solid #ddd; background-color: #f8f8f8; color: #d32f2f;\">Verpackungsgr\u00f6\u00dfen:<\/th>\n<td style=\"padding: 10px; border: 1px solid #ddd;\">150 g \/ 300 g<\/td>\n<\/tr>\n<\/tbody>\n<\/table>\n","protected":false},"featured_media":3988,"template":"","meta":[],"product_cat":[62,56],"product_tag":[],"class_list":{"0":"post-4338","1":"product","2":"type-product","3":"status-publish","4":"has-post-thumbnail","6":"product_cat-alle-produkte","7":"product_cat-snacks-de","9":"first","10":"instock","11":"shipping-taxable","12":"product-type-simple"},"yoast_head":"<!-- This site is optimized with the Yoast SEO plugin v25.4 - https:\/\/yoast.com\/wordpress\/plugins\/seo\/ -->\n<title>Mais - Meray Nuts<\/title>\n<meta name=\"robots\" content=\"index, follow, max-snippet:-1, max-image-preview:large, max-video-preview:-1\" \/>\n<link rel=\"canonical\" href=\"https:\/\/meraynuts.com\/produkt\/soslu-misir\/\" \/>\n<meta property=\"og:locale\" content=\"de_DE\" \/>\n<meta property=\"og:type\" content=\"article\" \/>\n<meta property=\"og:title\" content=\"Mais - Meray Nuts\" \/>\n<meta property=\"og:description\" content=\"\u00dcber das Produkt: Ein knackiger Snack.   Merkmale: Angenehmer nat\u00fcrlicher Duft von ger\u00f6stetem Mais. Guter Geschmack von bissfestem ger\u00f6stetem Mais.   Ernte: Der Erntezeitpunkt richtet sich nach der Nutzung.   Verarbeitung: S\u00e4ubern, trocknen, r\u00f6sten, salzen und verpacken.   Anbau: Mais geh\u00f6rt zur Familie der Gr\u00e4ser (Poaceae). Er wird 1,5 bis 2,5 m hoch. Seit etwa 1970 wird Mais gro\u00dffl\u00e4chig in Mitteleuropa angebaut.   Verpackungsgr\u00f6\u00dfen: 150 g \/ 300 g\" \/>\n<meta property=\"og:url\" content=\"https:\/\/meraynuts.com\/produkt\/soslu-misir\/\" \/>\n<meta property=\"og:site_name\" content=\"Meray Nuts\" \/>\n<meta property=\"article:modified_time\" content=\"2024-10-01T08:53:38+00:00\" \/>\n<meta property=\"og:image\" content=\"https:\/\/meraynuts.com\/wp-content\/uploads\/2024\/09\/2020-mais-gesalzen.png\" \/>\n\t<meta property=\"og:image:width\" content=\"800\" \/>\n\t<meta property=\"og:image:height\" content=\"1100\" \/>\n\t<meta property=\"og:image:type\" content=\"image\/png\" \/>\n<meta name=\"twitter:card\" content=\"summary_large_image\" \/>\n<script type=\"application\/ld+json\" class=\"yoast-schema-graph\">{\"@context\":\"https:\/\/schema.org\",\"@graph\":[{\"@type\":\"WebPage\",\"@id\":\"https:\/\/meraynuts.com\/produkt\/soslu-misir\/\",\"url\":\"https:\/\/meraynuts.com\/produkt\/soslu-misir\/\",\"name\":\"Mais - Meray Nuts\",\"isPartOf\":{\"@id\":\"https:\/\/meraynuts.com\/de\/#website\"},\"primaryImageOfPage\":{\"@id\":\"https:\/\/meraynuts.com\/produkt\/soslu-misir\/#primaryimage\"},\"image\":{\"@id\":\"https:\/\/meraynuts.com\/produkt\/soslu-misir\/#primaryimage\"},\"thumbnailUrl\":\"https:\/\/meraynuts.com\/wp-content\/uploads\/2024\/09\/2020-mais-gesalzen.png\",\"datePublished\":\"2024-09-30T17:32:53+00:00\",\"dateModified\":\"2024-10-01T08:53:38+00:00\",\"breadcrumb\":{\"@id\":\"https:\/\/meraynuts.com\/produkt\/soslu-misir\/#breadcrumb\"},\"inLanguage\":\"de\",\"potentialAction\":[{\"@type\":\"ReadAction\",\"target\":[\"https:\/\/meraynuts.com\/produkt\/soslu-misir\/\"]}]},{\"@type\":\"ImageObject\",\"inLanguage\":\"de\",\"@id\":\"https:\/\/meraynuts.com\/produkt\/soslu-misir\/#primaryimage\",\"url\":\"https:\/\/meraynuts.com\/wp-content\/uploads\/2024\/09\/2020-mais-gesalzen.png\",\"contentUrl\":\"https:\/\/meraynuts.com\/wp-content\/uploads\/2024\/09\/2020-mais-gesalzen.png\",\"width\":800,\"height\":1100},{\"@type\":\"BreadcrumbList\",\"@id\":\"https:\/\/meraynuts.com\/produkt\/soslu-misir\/#breadcrumb\",\"itemListElement\":[{\"@type\":\"ListItem\",\"position\":1,\"name\":\"Anasayfa\",\"item\":\"https:\/\/meraynuts.com\/\"},{\"@type\":\"ListItem\",\"position\":2,\"name\":\"Shop\",\"item\":\"https:\/\/meraynuts.com\/de\/shop\/\"},{\"@type\":\"ListItem\",\"position\":3,\"name\":\"Mais\"}]},{\"@type\":\"WebSite\",\"@id\":\"https:\/\/meraynuts.com\/de\/#website\",\"url\":\"https:\/\/meraynuts.com\/de\/\",\"name\":\"Meray Nuts\",\"description\":\"\",\"potentialAction\":[{\"@type\":\"SearchAction\",\"target\":{\"@type\":\"EntryPoint\",\"urlTemplate\":\"https:\/\/meraynuts.com\/de\/?s={search_term_string}\"},\"query-input\":{\"@type\":\"PropertyValueSpecification\",\"valueRequired\":true,\"valueName\":\"search_term_string\"}}],\"inLanguage\":\"de\"}]}<\/script>\n<!-- \/ Yoast SEO plugin. -->","yoast_head_json":{"title":"Mais - Meray Nuts","robots":{"index":"index","follow":"follow","max-snippet":"max-snippet:-1","max-image-preview":"max-image-preview:large","max-video-preview":"max-video-preview:-1"},"canonical":"https:\/\/meraynuts.com\/produkt\/soslu-misir\/","og_locale":"de_DE","og_type":"article","og_title":"Mais - Meray Nuts","og_description":"\u00dcber das Produkt: Ein knackiger Snack.   Merkmale: Angenehmer nat\u00fcrlicher Duft von ger\u00f6stetem Mais. Guter Geschmack von bissfestem ger\u00f6stetem Mais.   Ernte: Der Erntezeitpunkt richtet sich nach der Nutzung.   Verarbeitung: S\u00e4ubern, trocknen, r\u00f6sten, salzen und verpacken.   Anbau: Mais geh\u00f6rt zur Familie der Gr\u00e4ser (Poaceae). Er wird 1,5 bis 2,5 m hoch. Seit etwa 1970 wird Mais gro\u00dffl\u00e4chig in Mitteleuropa angebaut.   Verpackungsgr\u00f6\u00dfen: 150 g \/ 300 g","og_url":"https:\/\/meraynuts.com\/produkt\/soslu-misir\/","og_site_name":"Meray Nuts","article_modified_time":"2024-10-01T08:53:38+00:00","og_image":[{"width":800,"height":1100,"url":"https:\/\/meraynuts.com\/wp-content\/uploads\/2024\/09\/2020-mais-gesalzen.png","type":"image\/png"}],"twitter_card":"summary_large_image","schema":{"@context":"https:\/\/schema.org","@graph":[{"@type":"WebPage","@id":"https:\/\/meraynuts.com\/produkt\/soslu-misir\/","url":"https:\/\/meraynuts.com\/produkt\/soslu-misir\/","name":"Mais - Meray Nuts","isPartOf":{"@id":"https:\/\/meraynuts.com\/de\/#website"},"primaryImageOfPage":{"@id":"https:\/\/meraynuts.com\/produkt\/soslu-misir\/#primaryimage"},"image":{"@id":"https:\/\/meraynuts.com\/produkt\/soslu-misir\/#primaryimage"},"thumbnailUrl":"https:\/\/meraynuts.com\/wp-content\/uploads\/2024\/09\/2020-mais-gesalzen.png","datePublished":"2024-09-30T17:32:53+00:00","dateModified":"2024-10-01T08:53:38+00:00","breadcrumb":{"@id":"https:\/\/meraynuts.com\/produkt\/soslu-misir\/#breadcrumb"},"inLanguage":"de","potentialAction":[{"@type":"ReadAction","target":["https:\/\/meraynuts.com\/produkt\/soslu-misir\/"]}]},{"@type":"ImageObject","inLanguage":"de","@id":"https:\/\/meraynuts.com\/produkt\/soslu-misir\/#primaryimage","url":"https:\/\/meraynuts.com\/wp-content\/uploads\/2024\/09\/2020-mais-gesalzen.png","contentUrl":"https:\/\/meraynuts.com\/wp-content\/uploads\/2024\/09\/2020-mais-gesalzen.png","width":800,"height":1100},{"@type":"BreadcrumbList","@id":"https:\/\/meraynuts.com\/produkt\/soslu-misir\/#breadcrumb","itemListElement":[{"@type":"ListItem","position":1,"name":"Anasayfa","item":"https:\/\/meraynuts.com\/"},{"@type":"ListItem","position":2,"name":"Shop","item":"https:\/\/meraynuts.com\/de\/shop\/"},{"@type":"ListItem","position":3,"name":"Mais"}]},{"@type":"WebSite","@id":"https:\/\/meraynuts.com\/de\/#website","url":"https:\/\/meraynuts.com\/de\/","name":"Meray Nuts","description":"","potentialAction":[{"@type":"SearchAction","target":{"@type":"EntryPoint","urlTemplate":"https:\/\/meraynuts.com\/de\/?s={search_term_string}"},"query-input":{"@type":"PropertyValueSpecification","valueRequired":true,"valueName":"search_term_string"}}],"inLanguage":"de"}]}},"_links":{"self":[{"href":"https:\/\/meraynuts.com\/de\/wp-json\/wp\/v2\/product\/4338"}],"collection":[{"href":"https:\/\/meraynuts.com\/de\/wp-json\/wp\/v2\/product"}],"about":[{"href":"https:\/\/meraynuts.com\/de\/wp-json\/wp\/v2\/types\/product"}],"wp:featuredmedia":[{"embeddable":true,"href":"https:\/\/meraynuts.com\/de\/wp-json\/wp\/v2\/media\/3988"}],"wp:attachment":[{"href":"https:\/\/meraynuts.com\/de\/wp-json\/wp\/v2\/media?parent=4338"}],"wp:term":[{"taxonomy":"product_cat","embeddable":true,"href":"https:\/\/meraynuts.com\/de\/wp-json\/wp\/v2\/product_cat?post=4338"},{"taxonomy":"product_tag","embeddable":true,"href":"https:\/\/meraynuts.com\/de\/wp-json\/wp\/v2\/product_tag?post=4338"}],"curies":[{"name":"wp","href":"https:\/\/api.w.org\/{rel}","templated":true}]}}