{"id":4346,"date":"2024-09-30T17:19:22","date_gmt":"2024-09-30T17:19:22","guid":{"rendered":"https:\/\/meraynuts.com\/product\/beyaz-kabak-cekirdegi-trakya\/"},"modified":"2024-10-01T08:40:12","modified_gmt":"2024-10-01T08:40:12","slug":"weisse-kuerbiskerne-trakya","status":"publish","type":"product","link":"https:\/\/meraynuts.com\/de\/produkt\/weisse-kuerbiskerne-trakya\/","title":{"rendered":"Wei\u00dfe K\u00fcrbiskerne Trakya"},"content":{"rendered":"<p><em><strong>N\u00e4hrwerte<\/strong>\u00a0(pro 100g)<\/em><\/p>\n<table width=\"100%\">\n<colgroup>\n<col width=\"50%\" \/>\n<col width=\"50%\" \/><\/colgroup>\n<tbody>\n<tr>\n<td>Energie<\/td>\n<td>2258 kJ \/ 539 kcal<\/td>\n<\/tr>\n<tr>\n<td>Fett<\/td>\n<td>40,0 g<\/td>\n<\/tr>\n<tr>\n<td>davon ges\u00e4ttigte Fetts\u00e4uren<\/td>\n<td>7,9 g<\/td>\n<\/tr>\n<tr>\n<td>Kohlenhydrate<\/td>\n<td>1,0 g<\/td>\n<\/tr>\n<tr>\n<td>davon Zucker<\/td>\n<td>0 g<\/td>\n<\/tr>\n<tr>\n<td>Eiwei\u00df<\/td>\n<td>33,0 g<\/td>\n<\/tr>\n<tr>\n<td>Salz<\/td>\n<td>2,22 g<\/td>\n<\/tr>\n<\/tbody>\n<\/table>\n","protected":false},"excerpt":{"rendered":"<div style=\"text-align: center;\"><img decoding=\"async\" style=\"max-width: 100%; height: auto;\" src=\"https:\/\/meraynuts.com\/wp-content\/uploads\/2024\/09\/kurbiskerne-trakya-beyaz.png\" alt=\"K\u00fcrbiskerne Wei\u00df Image\" \/><\/div>\n<table style=\"width: 100%; border-collapse: collapse; font-family: Arial, sans-serif;\">\n<tbody>\n<tr>\n<th style=\"text-align: left; padding: 10px; border: 1px solid #ddd; background-color: #f8f8f8; color: #d32f2f;\">\u00dcber das Produkt:<\/th>\n<td style=\"padding: 10px; border: 1px solid #ddd;\">Befreien Sie die wei\u00dfen, fein gesalzenen Kerne von Meray aus der Schale und genie\u00dfen Sie diesen besonders mediterranen Snack!<\/td>\n<\/tr>\n<tr>\n<th style=\"text-align: left; padding: 10px; border: 1px solid #ddd; background-color: #f8f8f8; color: #d32f2f;\">Merkmale:<\/th>\n<td style=\"padding: 10px; border: 1px solid #ddd;\">nussiger Geschmack, Konsistenz knackig, weich, wei\u00dfe Schale<\/td>\n<\/tr>\n<tr>\n<th style=\"text-align: left; padding: 10px; border: 1px solid #ddd; background-color: #f8f8f8; color: #d32f2f;\">Ernte:<\/th>\n<td style=\"padding: 10px; border: 1px solid #ddd;\">zwischen September und Oktober<\/td>\n<\/tr>\n<tr>\n<th style=\"text-align: left; padding: 10px; border: 1px solid #ddd; background-color: #f8f8f8; color: #d32f2f;\">Anbau:<\/th>\n<td style=\"padding: 10px; border: 1px solid #ddd;\">Der K\u00fcrbis w\u00e4chst aus dem Samen heran, meist auf gro\u00dfen Feldern mit viel Sonnenlicht. Je nach Sorte und klimatischen Bedingungen betr\u00e4gt die Reifezeit der K\u00fcrbisse zwischen 50 und 150 Tagen. Besonders wichtig f\u00fcr die Entwicklung der K\u00fcrbispflanzen ist die erste Bl\u00fctezeit, in der die K\u00fcrbisse auf die Best\u00e4ubung durch Hummeln und Bienen angewiesen sind.<\/td>\n<\/tr>\n<tr>\n<th style=\"text-align: left; padding: 10px; border: 1px solid #ddd; background-color: #f8f8f8; color: #d32f2f;\">Verpackungsgr\u00f6\u00dfen:<\/th>\n<td style=\"padding: 10px; border: 1px solid #ddd;\">200 g<\/td>\n<\/tr>\n<\/tbody>\n<\/table>\n","protected":false},"featured_media":3944,"template":"","meta":[],"product_cat":[62,58],"product_tag":[],"class_list":{"0":"post-4346","1":"product","2":"type-product","3":"status-publish","4":"has-post-thumbnail","6":"product_cat-alle-produkte","7":"product_cat-kurbiskerne","9":"first","10":"instock","11":"shipping-taxable","12":"product-type-simple"},"yoast_head":"<!-- This site is optimized with the Yoast SEO plugin v25.4 - https:\/\/yoast.com\/wordpress\/plugins\/seo\/ -->\n<title>Wei\u00dfe K\u00fcrbiskerne Trakya - Meray Nuts<\/title>\n<meta name=\"robots\" content=\"index, follow, max-snippet:-1, max-image-preview:large, max-video-preview:-1\" \/>\n<link rel=\"canonical\" href=\"https:\/\/meraynuts.com\/de\/produkt\/weisse-kuerbiskerne-trakya\/\" \/>\n<meta property=\"og:locale\" content=\"de_DE\" \/>\n<meta property=\"og:type\" content=\"article\" \/>\n<meta property=\"og:title\" content=\"Wei\u00dfe K\u00fcrbiskerne Trakya - Meray Nuts\" \/>\n<meta property=\"og:description\" content=\"\u00dcber das Produkt: Befreien Sie die wei\u00dfen, fein gesalzenen Kerne von Meray aus der Schale und genie\u00dfen Sie diesen besonders mediterranen Snack!   Merkmale: nussiger Geschmack, Konsistenz knackig, weich, wei\u00dfe Schale   Ernte: zwischen September und Oktober   Anbau: Der K\u00fcrbis w\u00e4chst aus dem Samen heran, meist auf gro\u00dfen Feldern mit viel Sonnenlicht. Je nach Sorte und klimatischen Bedingungen betr\u00e4gt die Reifezeit der K\u00fcrbisse zwischen 50 und 150 Tagen. Besonders wichtig f\u00fcr die Entwicklung der K\u00fcrbispflanzen ist die erste Bl\u00fctezeit, in der die K\u00fcrbisse auf die Best\u00e4ubung durch Hummeln und Bienen angewiesen sind.   Verpackungsgr\u00f6\u00dfen: 200 g\" \/>\n<meta property=\"og:url\" content=\"https:\/\/meraynuts.com\/de\/produkt\/weisse-kuerbiskerne-trakya\/\" \/>\n<meta property=\"og:site_name\" content=\"Meray Nuts\" \/>\n<meta property=\"article:modified_time\" content=\"2024-10-01T08:40:12+00:00\" \/>\n<meta property=\"og:image\" content=\"https:\/\/meraynuts.com\/wp-content\/uploads\/2024\/09\/2020-kurbiskerne-trakya-beyaz.png\" \/>\n\t<meta property=\"og:image:width\" content=\"800\" \/>\n\t<meta property=\"og:image:height\" content=\"1100\" \/>\n\t<meta property=\"og:image:type\" content=\"image\/png\" \/>\n<meta name=\"twitter:card\" content=\"summary_large_image\" \/>\n<script type=\"application\/ld+json\" class=\"yoast-schema-graph\">{\"@context\":\"https:\/\/schema.org\",\"@graph\":[{\"@type\":\"WebPage\",\"@id\":\"https:\/\/meraynuts.com\/de\/produkt\/weisse-kuerbiskerne-trakya\/\",\"url\":\"https:\/\/meraynuts.com\/de\/produkt\/weisse-kuerbiskerne-trakya\/\",\"name\":\"Wei\u00dfe K\u00fcrbiskerne Trakya - Meray Nuts\",\"isPartOf\":{\"@id\":\"https:\/\/meraynuts.com\/de\/#website\"},\"primaryImageOfPage\":{\"@id\":\"https:\/\/meraynuts.com\/de\/produkt\/weisse-kuerbiskerne-trakya\/#primaryimage\"},\"image\":{\"@id\":\"https:\/\/meraynuts.com\/de\/produkt\/weisse-kuerbiskerne-trakya\/#primaryimage\"},\"thumbnailUrl\":\"https:\/\/meraynuts.com\/wp-content\/uploads\/2024\/09\/2020-kurbiskerne-trakya-beyaz.png\",\"datePublished\":\"2024-09-30T17:19:22+00:00\",\"dateModified\":\"2024-10-01T08:40:12+00:00\",\"breadcrumb\":{\"@id\":\"https:\/\/meraynuts.com\/de\/produkt\/weisse-kuerbiskerne-trakya\/#breadcrumb\"},\"inLanguage\":\"de\",\"potentialAction\":[{\"@type\":\"ReadAction\",\"target\":[\"https:\/\/meraynuts.com\/de\/produkt\/weisse-kuerbiskerne-trakya\/\"]}]},{\"@type\":\"ImageObject\",\"inLanguage\":\"de\",\"@id\":\"https:\/\/meraynuts.com\/de\/produkt\/weisse-kuerbiskerne-trakya\/#primaryimage\",\"url\":\"https:\/\/meraynuts.com\/wp-content\/uploads\/2024\/09\/2020-kurbiskerne-trakya-beyaz.png\",\"contentUrl\":\"https:\/\/meraynuts.com\/wp-content\/uploads\/2024\/09\/2020-kurbiskerne-trakya-beyaz.png\",\"width\":800,\"height\":1100},{\"@type\":\"BreadcrumbList\",\"@id\":\"https:\/\/meraynuts.com\/de\/produkt\/weisse-kuerbiskerne-trakya\/#breadcrumb\",\"itemListElement\":[{\"@type\":\"ListItem\",\"position\":1,\"name\":\"Anasayfa\",\"item\":\"https:\/\/meraynuts.com\/\"},{\"@type\":\"ListItem\",\"position\":2,\"name\":\"Shop\",\"item\":\"https:\/\/meraynuts.com\/de\/shop\/\"},{\"@type\":\"ListItem\",\"position\":3,\"name\":\"Wei\u00dfe K\u00fcrbiskerne Trakya\"}]},{\"@type\":\"WebSite\",\"@id\":\"https:\/\/meraynuts.com\/de\/#website\",\"url\":\"https:\/\/meraynuts.com\/de\/\",\"name\":\"Meray Nuts\",\"description\":\"\",\"potentialAction\":[{\"@type\":\"SearchAction\",\"target\":{\"@type\":\"EntryPoint\",\"urlTemplate\":\"https:\/\/meraynuts.com\/de\/?s={search_term_string}\"},\"query-input\":{\"@type\":\"PropertyValueSpecification\",\"valueRequired\":true,\"valueName\":\"search_term_string\"}}],\"inLanguage\":\"de\"}]}<\/script>\n<!-- \/ Yoast SEO plugin. -->","yoast_head_json":{"title":"Wei\u00dfe K\u00fcrbiskerne Trakya - Meray Nuts","robots":{"index":"index","follow":"follow","max-snippet":"max-snippet:-1","max-image-preview":"max-image-preview:large","max-video-preview":"max-video-preview:-1"},"canonical":"https:\/\/meraynuts.com\/de\/produkt\/weisse-kuerbiskerne-trakya\/","og_locale":"de_DE","og_type":"article","og_title":"Wei\u00dfe K\u00fcrbiskerne Trakya - Meray Nuts","og_description":"\u00dcber das Produkt: Befreien Sie die wei\u00dfen, fein gesalzenen Kerne von Meray aus der Schale und genie\u00dfen Sie diesen besonders mediterranen Snack!   Merkmale: nussiger Geschmack, Konsistenz knackig, weich, wei\u00dfe Schale   Ernte: zwischen September und Oktober   Anbau: Der K\u00fcrbis w\u00e4chst aus dem Samen heran, meist auf gro\u00dfen Feldern mit viel Sonnenlicht. Je nach Sorte und klimatischen Bedingungen betr\u00e4gt die Reifezeit der K\u00fcrbisse zwischen 50 und 150 Tagen. Besonders wichtig f\u00fcr die Entwicklung der K\u00fcrbispflanzen ist die erste Bl\u00fctezeit, in der die K\u00fcrbisse auf die Best\u00e4ubung durch Hummeln und Bienen angewiesen sind.   Verpackungsgr\u00f6\u00dfen: 200 g","og_url":"https:\/\/meraynuts.com\/de\/produkt\/weisse-kuerbiskerne-trakya\/","og_site_name":"Meray Nuts","article_modified_time":"2024-10-01T08:40:12+00:00","og_image":[{"width":800,"height":1100,"url":"https:\/\/meraynuts.com\/wp-content\/uploads\/2024\/09\/2020-kurbiskerne-trakya-beyaz.png","type":"image\/png"}],"twitter_card":"summary_large_image","schema":{"@context":"https:\/\/schema.org","@graph":[{"@type":"WebPage","@id":"https:\/\/meraynuts.com\/de\/produkt\/weisse-kuerbiskerne-trakya\/","url":"https:\/\/meraynuts.com\/de\/produkt\/weisse-kuerbiskerne-trakya\/","name":"Wei\u00dfe K\u00fcrbiskerne Trakya - Meray Nuts","isPartOf":{"@id":"https:\/\/meraynuts.com\/de\/#website"},"primaryImageOfPage":{"@id":"https:\/\/meraynuts.com\/de\/produkt\/weisse-kuerbiskerne-trakya\/#primaryimage"},"image":{"@id":"https:\/\/meraynuts.com\/de\/produkt\/weisse-kuerbiskerne-trakya\/#primaryimage"},"thumbnailUrl":"https:\/\/meraynuts.com\/wp-content\/uploads\/2024\/09\/2020-kurbiskerne-trakya-beyaz.png","datePublished":"2024-09-30T17:19:22+00:00","dateModified":"2024-10-01T08:40:12+00:00","breadcrumb":{"@id":"https:\/\/meraynuts.com\/de\/produkt\/weisse-kuerbiskerne-trakya\/#breadcrumb"},"inLanguage":"de","potentialAction":[{"@type":"ReadAction","target":["https:\/\/meraynuts.com\/de\/produkt\/weisse-kuerbiskerne-trakya\/"]}]},{"@type":"ImageObject","inLanguage":"de","@id":"https:\/\/meraynuts.com\/de\/produkt\/weisse-kuerbiskerne-trakya\/#primaryimage","url":"https:\/\/meraynuts.com\/wp-content\/uploads\/2024\/09\/2020-kurbiskerne-trakya-beyaz.png","contentUrl":"https:\/\/meraynuts.com\/wp-content\/uploads\/2024\/09\/2020-kurbiskerne-trakya-beyaz.png","width":800,"height":1100},{"@type":"BreadcrumbList","@id":"https:\/\/meraynuts.com\/de\/produkt\/weisse-kuerbiskerne-trakya\/#breadcrumb","itemListElement":[{"@type":"ListItem","position":1,"name":"Anasayfa","item":"https:\/\/meraynuts.com\/"},{"@type":"ListItem","position":2,"name":"Shop","item":"https:\/\/meraynuts.com\/de\/shop\/"},{"@type":"ListItem","position":3,"name":"Wei\u00dfe K\u00fcrbiskerne Trakya"}]},{"@type":"WebSite","@id":"https:\/\/meraynuts.com\/de\/#website","url":"https:\/\/meraynuts.com\/de\/","name":"Meray Nuts","description":"","potentialAction":[{"@type":"SearchAction","target":{"@type":"EntryPoint","urlTemplate":"https:\/\/meraynuts.com\/de\/?s={search_term_string}"},"query-input":{"@type":"PropertyValueSpecification","valueRequired":true,"valueName":"search_term_string"}}],"inLanguage":"de"}]}},"_links":{"self":[{"href":"https:\/\/meraynuts.com\/de\/wp-json\/wp\/v2\/product\/4346"}],"collection":[{"href":"https:\/\/meraynuts.com\/de\/wp-json\/wp\/v2\/product"}],"about":[{"href":"https:\/\/meraynuts.com\/de\/wp-json\/wp\/v2\/types\/product"}],"wp:featuredmedia":[{"embeddable":true,"href":"https:\/\/meraynuts.com\/de\/wp-json\/wp\/v2\/media\/3944"}],"wp:attachment":[{"href":"https:\/\/meraynuts.com\/de\/wp-json\/wp\/v2\/media?parent=4346"}],"wp:term":[{"taxonomy":"product_cat","embeddable":true,"href":"https:\/\/meraynuts.com\/de\/wp-json\/wp\/v2\/product_cat?post=4346"},{"taxonomy":"product_tag","embeddable":true,"href":"https:\/\/meraynuts.com\/de\/wp-json\/wp\/v2\/product_tag?post=4346"}],"curies":[{"name":"wp","href":"https:\/\/api.w.org\/{rel}","templated":true}]}}