{"id":4353,"date":"2024-09-30T17:06:56","date_gmt":"2024-09-30T17:06:56","guid":{"rendered":"https:\/\/meraynuts.com\/product\/kokteyl-tuzsuz\/"},"modified":"2024-10-01T08:27:31","modified_gmt":"2024-10-01T08:27:31","slug":"studentenfutter","status":"publish","type":"product","link":"https:\/\/meraynuts.com\/de\/produkt\/studentenfutter\/","title":{"rendered":"Studentenfutter"},"content":{"rendered":"<p><em><strong>N\u00e4hrwerte<\/strong>\u00a0(pro 100 g)<\/em><\/p>\n<table width=\"100%\">\n<colgroup>\n<col width=\"50%\" \/>\n<col width=\"50%\" \/><\/colgroup>\n<tbody>\n<tr>\n<td>Energie<\/td>\n<td>2098 kJ \/ 496 kcal<\/td>\n<\/tr>\n<tr>\n<td>Fett<\/td>\n<td>29,8 g<\/td>\n<\/tr>\n<tr>\n<td>davon ges\u00e4ttigte Fetts\u00e4uren<\/td>\n<td>3,7 g<\/td>\n<\/tr>\n<tr>\n<td>Kohlenhydrate<\/td>\n<td>40,7 g<\/td>\n<\/tr>\n<tr>\n<td>davon Zucker<\/td>\n<td>36,4 g<\/td>\n<\/tr>\n<tr>\n<td>Eiwei\u00df<\/td>\n<td>12,4 g<\/td>\n<\/tr>\n<tr>\n<td>Salz<\/td>\n<td>0,01 g<\/td>\n<\/tr>\n<\/tbody>\n<\/table>\n","protected":false},"excerpt":{"rendered":"<div style=\"text-align: center;\"><img decoding=\"async\" style=\"max-width: 100%; height: auto;\" src=\"https:\/\/meraynuts.com\/wp-content\/uploads\/2024\/09\/studentenfutter.png\" alt=\"Studentenfutter Image\" \/><\/div>\n<table style=\"width: 100%; border-collapse: collapse; font-family: Arial, sans-serif;\">\n<tbody>\n<tr>\n<th style=\"text-align: left; padding: 10px; border: 1px solid #ddd; background-color: #f8f8f8; color: #d32f2f;\">\u00dcber das Produkt:<\/th>\n<td style=\"padding: 10px; border: 1px solid #ddd;\">Das Studentenfutter von Meray enth\u00e4lt eine Mischung von verschiedenen Nusssorten und Trockenfr\u00fcchten. Enthalten sind Mandeln, Waln\u00fcsse, Cashews, Haseln\u00fcsse, Rosinen und Sultanien. Ein einzigartiger Genuss!<\/td>\n<\/tr>\n<tr>\n<th style=\"text-align: left; padding: 10px; border: 1px solid #ddd; background-color: #f8f8f8; color: #d32f2f;\">Merkmale:<\/th>\n<td style=\"padding: 10px; border: 1px solid #ddd;\">Ein angenehmer Duft von getrockneten Fr\u00fcchten, ein guter Vorgeschmack auf die gemischten Zutaten<\/td>\n<\/tr>\n<tr>\n<th style=\"text-align: left; padding: 10px; border: 1px solid #ddd; background-color: #f8f8f8; color: #d32f2f;\">Verarbeitung:<\/th>\n<td style=\"padding: 10px; border: 1px solid #ddd;\">Mischen und verpacken<\/td>\n<\/tr>\n<tr>\n<th style=\"text-align: left; padding: 10px; border: 1px solid #ddd; background-color: #f8f8f8; color: #d32f2f;\">Anbau:<\/th>\n<td style=\"padding: 10px; border: 1px solid #ddd;\">Mandeln werden im Mittelmeergebiet und in den USA angebaut. Hauptanbauland derzeit f\u00fcr Walnusskerne sind die USA, ehemals russische L\u00e4nder, China, Italien und die T\u00fcrkei. Unsere Waln\u00fcsse stammen aus Chile. Cashewkerne findet man heutzutage in Mosambik, Tansania, Kenia, Indien und Brasilien, unsere Cashewkerne kommen aus S\u00fcdostasien. Die Haseln\u00fcsse stammen aus der T\u00fcrkei, die Rosinen und Sultanien kommen aus Chile.<\/td>\n<\/tr>\n<tr>\n<th style=\"text-align: left; padding: 10px; border: 1px solid #ddd; background-color: #f8f8f8; color: #d32f2f;\">Verpackungsgr\u00f6\u00dfen:<\/th>\n<td style=\"padding: 10px; border: 1px solid #ddd;\">85 g \/ 150 g \/ 300 g<\/td>\n<\/tr>\n<\/tbody>\n<\/table>\n","protected":false},"featured_media":3902,"template":"","meta":[],"product_cat":[62,59],"product_tag":[],"class_list":{"0":"post-4353","1":"product","2":"type-product","3":"status-publish","4":"has-post-thumbnail","6":"product_cat-alle-produkte","7":"product_cat-nussmischungen","9":"first","10":"instock","11":"shipping-taxable","12":"product-type-simple"},"yoast_head":"<!-- This site is optimized with the Yoast SEO plugin v25.4 - https:\/\/yoast.com\/wordpress\/plugins\/seo\/ -->\n<title>Studentenfutter - Meray Nuts<\/title>\n<meta name=\"robots\" content=\"index, follow, max-snippet:-1, max-image-preview:large, max-video-preview:-1\" \/>\n<link rel=\"canonical\" href=\"https:\/\/meraynuts.com\/de\/produkt\/studentenfutter\/\" \/>\n<meta property=\"og:locale\" content=\"de_DE\" \/>\n<meta property=\"og:type\" content=\"article\" \/>\n<meta property=\"og:title\" content=\"Studentenfutter - Meray Nuts\" \/>\n<meta property=\"og:description\" content=\"\u00dcber das Produkt: Das Studentenfutter von Meray enth\u00e4lt eine Mischung von verschiedenen Nusssorten und Trockenfr\u00fcchten. Enthalten sind Mandeln, Waln\u00fcsse, Cashews, Haseln\u00fcsse, Rosinen und Sultanien. Ein einzigartiger Genuss!   Merkmale: Ein angenehmer Duft von getrockneten Fr\u00fcchten, ein guter Vorgeschmack auf die gemischten Zutaten   Verarbeitung: Mischen und verpacken   Anbau: Mandeln werden im Mittelmeergebiet und in den USA angebaut. Hauptanbauland derzeit f\u00fcr Walnusskerne sind die USA, ehemals russische L\u00e4nder, China, Italien und die T\u00fcrkei. Unsere Waln\u00fcsse stammen aus Chile. Cashewkerne findet man heutzutage in Mosambik, Tansania, Kenia, Indien und Brasilien, unsere Cashewkerne kommen aus S\u00fcdostasien. Die Haseln\u00fcsse stammen aus der T\u00fcrkei, die Rosinen und Sultanien kommen aus Chile.   Verpackungsgr\u00f6\u00dfen: 85 g \/ 150 g \/ 300 g\" \/>\n<meta property=\"og:url\" content=\"https:\/\/meraynuts.com\/de\/produkt\/studentenfutter\/\" \/>\n<meta property=\"og:site_name\" content=\"Meray Nuts\" \/>\n<meta property=\"article:modified_time\" content=\"2024-10-01T08:27:31+00:00\" \/>\n<meta property=\"og:image\" content=\"https:\/\/meraynuts.com\/wp-content\/uploads\/2024\/09\/2020-studentenfutter.png\" \/>\n\t<meta property=\"og:image:width\" content=\"800\" \/>\n\t<meta property=\"og:image:height\" content=\"1100\" \/>\n\t<meta property=\"og:image:type\" content=\"image\/png\" \/>\n<meta name=\"twitter:card\" content=\"summary_large_image\" \/>\n<script type=\"application\/ld+json\" class=\"yoast-schema-graph\">{\"@context\":\"https:\/\/schema.org\",\"@graph\":[{\"@type\":\"WebPage\",\"@id\":\"https:\/\/meraynuts.com\/de\/produkt\/studentenfutter\/\",\"url\":\"https:\/\/meraynuts.com\/de\/produkt\/studentenfutter\/\",\"name\":\"Studentenfutter - Meray Nuts\",\"isPartOf\":{\"@id\":\"https:\/\/meraynuts.com\/de\/#website\"},\"primaryImageOfPage\":{\"@id\":\"https:\/\/meraynuts.com\/de\/produkt\/studentenfutter\/#primaryimage\"},\"image\":{\"@id\":\"https:\/\/meraynuts.com\/de\/produkt\/studentenfutter\/#primaryimage\"},\"thumbnailUrl\":\"https:\/\/meraynuts.com\/wp-content\/uploads\/2024\/09\/2020-studentenfutter.png\",\"datePublished\":\"2024-09-30T17:06:56+00:00\",\"dateModified\":\"2024-10-01T08:27:31+00:00\",\"breadcrumb\":{\"@id\":\"https:\/\/meraynuts.com\/de\/produkt\/studentenfutter\/#breadcrumb\"},\"inLanguage\":\"de\",\"potentialAction\":[{\"@type\":\"ReadAction\",\"target\":[\"https:\/\/meraynuts.com\/de\/produkt\/studentenfutter\/\"]}]},{\"@type\":\"ImageObject\",\"inLanguage\":\"de\",\"@id\":\"https:\/\/meraynuts.com\/de\/produkt\/studentenfutter\/#primaryimage\",\"url\":\"https:\/\/meraynuts.com\/wp-content\/uploads\/2024\/09\/2020-studentenfutter.png\",\"contentUrl\":\"https:\/\/meraynuts.com\/wp-content\/uploads\/2024\/09\/2020-studentenfutter.png\",\"width\":800,\"height\":1100},{\"@type\":\"BreadcrumbList\",\"@id\":\"https:\/\/meraynuts.com\/de\/produkt\/studentenfutter\/#breadcrumb\",\"itemListElement\":[{\"@type\":\"ListItem\",\"position\":1,\"name\":\"Anasayfa\",\"item\":\"https:\/\/meraynuts.com\/\"},{\"@type\":\"ListItem\",\"position\":2,\"name\":\"Shop\",\"item\":\"https:\/\/meraynuts.com\/de\/shop\/\"},{\"@type\":\"ListItem\",\"position\":3,\"name\":\"Studentenfutter\"}]},{\"@type\":\"WebSite\",\"@id\":\"https:\/\/meraynuts.com\/de\/#website\",\"url\":\"https:\/\/meraynuts.com\/de\/\",\"name\":\"Meray Nuts\",\"description\":\"\",\"potentialAction\":[{\"@type\":\"SearchAction\",\"target\":{\"@type\":\"EntryPoint\",\"urlTemplate\":\"https:\/\/meraynuts.com\/de\/?s={search_term_string}\"},\"query-input\":{\"@type\":\"PropertyValueSpecification\",\"valueRequired\":true,\"valueName\":\"search_term_string\"}}],\"inLanguage\":\"de\"}]}<\/script>\n<!-- \/ Yoast SEO plugin. -->","yoast_head_json":{"title":"Studentenfutter - Meray Nuts","robots":{"index":"index","follow":"follow","max-snippet":"max-snippet:-1","max-image-preview":"max-image-preview:large","max-video-preview":"max-video-preview:-1"},"canonical":"https:\/\/meraynuts.com\/de\/produkt\/studentenfutter\/","og_locale":"de_DE","og_type":"article","og_title":"Studentenfutter - Meray Nuts","og_description":"\u00dcber das Produkt: Das Studentenfutter von Meray enth\u00e4lt eine Mischung von verschiedenen Nusssorten und Trockenfr\u00fcchten. Enthalten sind Mandeln, Waln\u00fcsse, Cashews, Haseln\u00fcsse, Rosinen und Sultanien. Ein einzigartiger Genuss!   Merkmale: Ein angenehmer Duft von getrockneten Fr\u00fcchten, ein guter Vorgeschmack auf die gemischten Zutaten   Verarbeitung: Mischen und verpacken   Anbau: Mandeln werden im Mittelmeergebiet und in den USA angebaut. Hauptanbauland derzeit f\u00fcr Walnusskerne sind die USA, ehemals russische L\u00e4nder, China, Italien und die T\u00fcrkei. Unsere Waln\u00fcsse stammen aus Chile. Cashewkerne findet man heutzutage in Mosambik, Tansania, Kenia, Indien und Brasilien, unsere Cashewkerne kommen aus S\u00fcdostasien. Die Haseln\u00fcsse stammen aus der T\u00fcrkei, die Rosinen und Sultanien kommen aus Chile.   Verpackungsgr\u00f6\u00dfen: 85 g \/ 150 g \/ 300 g","og_url":"https:\/\/meraynuts.com\/de\/produkt\/studentenfutter\/","og_site_name":"Meray Nuts","article_modified_time":"2024-10-01T08:27:31+00:00","og_image":[{"width":800,"height":1100,"url":"https:\/\/meraynuts.com\/wp-content\/uploads\/2024\/09\/2020-studentenfutter.png","type":"image\/png"}],"twitter_card":"summary_large_image","schema":{"@context":"https:\/\/schema.org","@graph":[{"@type":"WebPage","@id":"https:\/\/meraynuts.com\/de\/produkt\/studentenfutter\/","url":"https:\/\/meraynuts.com\/de\/produkt\/studentenfutter\/","name":"Studentenfutter - Meray Nuts","isPartOf":{"@id":"https:\/\/meraynuts.com\/de\/#website"},"primaryImageOfPage":{"@id":"https:\/\/meraynuts.com\/de\/produkt\/studentenfutter\/#primaryimage"},"image":{"@id":"https:\/\/meraynuts.com\/de\/produkt\/studentenfutter\/#primaryimage"},"thumbnailUrl":"https:\/\/meraynuts.com\/wp-content\/uploads\/2024\/09\/2020-studentenfutter.png","datePublished":"2024-09-30T17:06:56+00:00","dateModified":"2024-10-01T08:27:31+00:00","breadcrumb":{"@id":"https:\/\/meraynuts.com\/de\/produkt\/studentenfutter\/#breadcrumb"},"inLanguage":"de","potentialAction":[{"@type":"ReadAction","target":["https:\/\/meraynuts.com\/de\/produkt\/studentenfutter\/"]}]},{"@type":"ImageObject","inLanguage":"de","@id":"https:\/\/meraynuts.com\/de\/produkt\/studentenfutter\/#primaryimage","url":"https:\/\/meraynuts.com\/wp-content\/uploads\/2024\/09\/2020-studentenfutter.png","contentUrl":"https:\/\/meraynuts.com\/wp-content\/uploads\/2024\/09\/2020-studentenfutter.png","width":800,"height":1100},{"@type":"BreadcrumbList","@id":"https:\/\/meraynuts.com\/de\/produkt\/studentenfutter\/#breadcrumb","itemListElement":[{"@type":"ListItem","position":1,"name":"Anasayfa","item":"https:\/\/meraynuts.com\/"},{"@type":"ListItem","position":2,"name":"Shop","item":"https:\/\/meraynuts.com\/de\/shop\/"},{"@type":"ListItem","position":3,"name":"Studentenfutter"}]},{"@type":"WebSite","@id":"https:\/\/meraynuts.com\/de\/#website","url":"https:\/\/meraynuts.com\/de\/","name":"Meray Nuts","description":"","potentialAction":[{"@type":"SearchAction","target":{"@type":"EntryPoint","urlTemplate":"https:\/\/meraynuts.com\/de\/?s={search_term_string}"},"query-input":{"@type":"PropertyValueSpecification","valueRequired":true,"valueName":"search_term_string"}}],"inLanguage":"de"}]}},"_links":{"self":[{"href":"https:\/\/meraynuts.com\/de\/wp-json\/wp\/v2\/product\/4353"}],"collection":[{"href":"https:\/\/meraynuts.com\/de\/wp-json\/wp\/v2\/product"}],"about":[{"href":"https:\/\/meraynuts.com\/de\/wp-json\/wp\/v2\/types\/product"}],"wp:featuredmedia":[{"embeddable":true,"href":"https:\/\/meraynuts.com\/de\/wp-json\/wp\/v2\/media\/3902"}],"wp:attachment":[{"href":"https:\/\/meraynuts.com\/de\/wp-json\/wp\/v2\/media?parent=4353"}],"wp:term":[{"taxonomy":"product_cat","embeddable":true,"href":"https:\/\/meraynuts.com\/de\/wp-json\/wp\/v2\/product_cat?post=4353"},{"taxonomy":"product_tag","embeddable":true,"href":"https:\/\/meraynuts.com\/de\/wp-json\/wp\/v2\/product_tag?post=4353"}],"curies":[{"name":"wp","href":"https:\/\/api.w.org\/{rel}","templated":true}]}}