{"id":4361,"date":"2022-07-10T04:34:02","date_gmt":"2022-07-10T04:34:02","guid":{"rendered":"https:\/\/meraynuts.com\/product\/antep-fistik\/"},"modified":"2024-10-01T08:17:41","modified_gmt":"2024-10-01T08:17:41","slug":"pistazien-in-der-schale","status":"publish","type":"product","link":"https:\/\/meraynuts.com\/de\/produkt\/pistazien-in-der-schale\/","title":{"rendered":"Pistazien in der Schale"},"content":{"rendered":"<p><em><strong>N\u00e4hrwerte<\/strong>\u00a0(pro 100 g)<\/em><\/p>\n<table width=\"100%\">\n<colgroup>\n<col width=\"50%\" \/>\n<col width=\"50%\" \/><\/colgroup>\n<tbody>\n<tr>\n<td>Energie<\/td>\n<td>2716 kJ \/ 657 kcal<\/td>\n<\/tr>\n<tr>\n<td>Fett<\/td>\n<td>58,3 g<\/td>\n<\/tr>\n<tr>\n<td>davon ges\u00e4ttigte Fetts\u00e4uren<\/td>\n<td>6,4 g<\/td>\n<\/tr>\n<tr>\n<td>Kohlenhydrate<\/td>\n<td>7,2 g<\/td>\n<\/tr>\n<tr>\n<td>davon Zucker<\/td>\n<td>2,8 g<\/td>\n<\/tr>\n<tr>\n<td>Eiwei\u00df<\/td>\n<td>21,6 g<\/td>\n<\/tr>\n<tr>\n<td>Salz<\/td>\n<td>0,8 g<\/td>\n<\/tr>\n<\/tbody>\n<\/table>\n","protected":false},"excerpt":{"rendered":"<div style=\"text-align: center;\"><img decoding=\"async\" style=\"max-width: 100%; height: auto;\" src=\"https:\/\/meraynuts.com\/wp-content\/uploads\/2022\/07\/pistazien.png\" alt=\"Meray Pistazien Image\" \/><\/div>\n<table style=\"width: 100%; border-collapse: collapse; font-family: Arial, sans-serif;\">\n<tbody>\n<tr>\n<th style=\"text-align: left; padding: 10px; border: 1px solid #ddd; background-color: #f8f8f8; color: #d32f2f;\">\u00dcber das Produkt:<\/th>\n<td style=\"padding: 10px; border: 1px solid #ddd;\">Die Meray Pistazien sind aromatisch ger\u00f6stet und fein gesalzen. Die salzige Note in Kombination mit dem s\u00fc\u00dflichen und w\u00fcrzigen Aroma der Pistazie machen unsere Pistazien zu einer der beliebtesten Knabberei!<\/td>\n<\/tr>\n<tr>\n<th style=\"text-align: left; padding: 10px; border: 1px solid #ddd; background-color: #f8f8f8; color: #d32f2f;\">Merkmale:<\/th>\n<td style=\"padding: 10px; border: 1px solid #ddd;\">nussig, knackig<\/td>\n<\/tr>\n<tr>\n<th style=\"text-align: left; padding: 10px; border: 1px solid #ddd; background-color: #f8f8f8; color: #d32f2f;\">Ernte:<\/th>\n<td style=\"padding: 10px; border: 1px solid #ddd;\">September<\/td>\n<\/tr>\n<tr>\n<th style=\"text-align: left; padding: 10px; border: 1px solid #ddd; background-color: #f8f8f8; color: #d32f2f;\">Verarbeitung:<\/th>\n<td style=\"padding: 10px; border: 1px solid #ddd;\">Die importierten Pistazien werden in unserer eigenen Produktion veredelt und verpackt.<\/td>\n<\/tr>\n<tr>\n<th style=\"text-align: left; padding: 10px; border: 1px solid #ddd; background-color: #f8f8f8; color: #d32f2f;\">Anbau:<\/th>\n<td style=\"padding: 10px; border: 1px solid #ddd;\">Die weltweit gr\u00f6\u00dften Produzenten sind der Iran, die USA, die T\u00fcrkei und China. Die gr\u00f6\u00dften europ\u00e4ischen Hersteller sind Griechenland und Italien. Die ber\u00fchmtesten t\u00fcrkischen Pistazien kommen aus Gaziantep.<\/td>\n<\/tr>\n<tr>\n<th style=\"text-align: left; padding: 10px; border: 1px solid #ddd; background-color: #f8f8f8; color: #d32f2f;\">Verpackungsgr\u00f6\u00dfen:<\/th>\n<td style=\"padding: 10px; border: 1px solid #ddd;\">85 g \/ 150 g \/ 225 g \/ 300 g<\/td>\n<\/tr>\n<\/tbody>\n<\/table>\n","protected":false},"featured_media":3756,"template":"","meta":[],"product_cat":[62,61],"product_tag":[],"class_list":{"0":"post-4361","1":"product","2":"type-product","3":"status-publish","4":"has-post-thumbnail","6":"product_cat-alle-produkte","7":"product_cat-nusse","9":"first","10":"instock","11":"shipping-taxable","12":"product-type-simple"},"yoast_head":"<!-- This site is optimized with the Yoast SEO plugin v25.4 - https:\/\/yoast.com\/wordpress\/plugins\/seo\/ -->\n<title>Pistazien in der Schale - Meray Nuts<\/title>\n<meta name=\"robots\" content=\"index, follow, max-snippet:-1, max-image-preview:large, max-video-preview:-1\" \/>\n<link rel=\"canonical\" href=\"https:\/\/meraynuts.com\/de\/produkt\/pistazien-in-der-schale\/\" \/>\n<meta property=\"og:locale\" content=\"de_DE\" \/>\n<meta property=\"og:type\" content=\"article\" \/>\n<meta property=\"og:title\" content=\"Pistazien in der Schale - Meray Nuts\" \/>\n<meta property=\"og:description\" content=\"\u00dcber das Produkt: Die Meray Pistazien sind aromatisch ger\u00f6stet und fein gesalzen. Die salzige Note in Kombination mit dem s\u00fc\u00dflichen und w\u00fcrzigen Aroma der Pistazie machen unsere Pistazien zu einer der beliebtesten Knabberei!   Merkmale: nussig, knackig   Ernte: September   Verarbeitung: Die importierten Pistazien werden in unserer eigenen Produktion veredelt und verpackt.   Anbau: Die weltweit gr\u00f6\u00dften Produzenten sind der Iran, die USA, die T\u00fcrkei und China. Die gr\u00f6\u00dften europ\u00e4ischen Hersteller sind Griechenland und Italien. Die ber\u00fchmtesten t\u00fcrkischen Pistazien kommen aus Gaziantep.   Verpackungsgr\u00f6\u00dfen: 85 g \/ 150 g \/ 225 g \/ 300 g\" \/>\n<meta property=\"og:url\" content=\"https:\/\/meraynuts.com\/de\/produkt\/pistazien-in-der-schale\/\" \/>\n<meta property=\"og:site_name\" content=\"Meray Nuts\" \/>\n<meta property=\"article:modified_time\" content=\"2024-10-01T08:17:41+00:00\" \/>\n<meta property=\"og:image\" content=\"https:\/\/meraynuts.com\/wp-content\/uploads\/2022\/07\/2020-pistazien.png\" \/>\n\t<meta property=\"og:image:width\" content=\"800\" \/>\n\t<meta property=\"og:image:height\" content=\"1100\" \/>\n\t<meta property=\"og:image:type\" content=\"image\/png\" \/>\n<meta name=\"twitter:card\" content=\"summary_large_image\" \/>\n<script type=\"application\/ld+json\" class=\"yoast-schema-graph\">{\"@context\":\"https:\/\/schema.org\",\"@graph\":[{\"@type\":\"WebPage\",\"@id\":\"https:\/\/meraynuts.com\/de\/produkt\/pistazien-in-der-schale\/\",\"url\":\"https:\/\/meraynuts.com\/de\/produkt\/pistazien-in-der-schale\/\",\"name\":\"Pistazien in der Schale - Meray Nuts\",\"isPartOf\":{\"@id\":\"https:\/\/meraynuts.com\/de\/#website\"},\"primaryImageOfPage\":{\"@id\":\"https:\/\/meraynuts.com\/de\/produkt\/pistazien-in-der-schale\/#primaryimage\"},\"image\":{\"@id\":\"https:\/\/meraynuts.com\/de\/produkt\/pistazien-in-der-schale\/#primaryimage\"},\"thumbnailUrl\":\"https:\/\/meraynuts.com\/wp-content\/uploads\/2022\/07\/2020-pistazien.png\",\"datePublished\":\"2022-07-10T04:34:02+00:00\",\"dateModified\":\"2024-10-01T08:17:41+00:00\",\"breadcrumb\":{\"@id\":\"https:\/\/meraynuts.com\/de\/produkt\/pistazien-in-der-schale\/#breadcrumb\"},\"inLanguage\":\"de\",\"potentialAction\":[{\"@type\":\"ReadAction\",\"target\":[\"https:\/\/meraynuts.com\/de\/produkt\/pistazien-in-der-schale\/\"]}]},{\"@type\":\"ImageObject\",\"inLanguage\":\"de\",\"@id\":\"https:\/\/meraynuts.com\/de\/produkt\/pistazien-in-der-schale\/#primaryimage\",\"url\":\"https:\/\/meraynuts.com\/wp-content\/uploads\/2022\/07\/2020-pistazien.png\",\"contentUrl\":\"https:\/\/meraynuts.com\/wp-content\/uploads\/2022\/07\/2020-pistazien.png\",\"width\":800,\"height\":1100},{\"@type\":\"BreadcrumbList\",\"@id\":\"https:\/\/meraynuts.com\/de\/produkt\/pistazien-in-der-schale\/#breadcrumb\",\"itemListElement\":[{\"@type\":\"ListItem\",\"position\":1,\"name\":\"Anasayfa\",\"item\":\"https:\/\/meraynuts.com\/\"},{\"@type\":\"ListItem\",\"position\":2,\"name\":\"Shop\",\"item\":\"https:\/\/meraynuts.com\/de\/shop\/\"},{\"@type\":\"ListItem\",\"position\":3,\"name\":\"Pistazien in der Schale\"}]},{\"@type\":\"WebSite\",\"@id\":\"https:\/\/meraynuts.com\/de\/#website\",\"url\":\"https:\/\/meraynuts.com\/de\/\",\"name\":\"Meray Nuts\",\"description\":\"\",\"potentialAction\":[{\"@type\":\"SearchAction\",\"target\":{\"@type\":\"EntryPoint\",\"urlTemplate\":\"https:\/\/meraynuts.com\/de\/?s={search_term_string}\"},\"query-input\":{\"@type\":\"PropertyValueSpecification\",\"valueRequired\":true,\"valueName\":\"search_term_string\"}}],\"inLanguage\":\"de\"}]}<\/script>\n<!-- \/ Yoast SEO plugin. -->","yoast_head_json":{"title":"Pistazien in der Schale - Meray Nuts","robots":{"index":"index","follow":"follow","max-snippet":"max-snippet:-1","max-image-preview":"max-image-preview:large","max-video-preview":"max-video-preview:-1"},"canonical":"https:\/\/meraynuts.com\/de\/produkt\/pistazien-in-der-schale\/","og_locale":"de_DE","og_type":"article","og_title":"Pistazien in der Schale - Meray Nuts","og_description":"\u00dcber das Produkt: Die Meray Pistazien sind aromatisch ger\u00f6stet und fein gesalzen. Die salzige Note in Kombination mit dem s\u00fc\u00dflichen und w\u00fcrzigen Aroma der Pistazie machen unsere Pistazien zu einer der beliebtesten Knabberei!   Merkmale: nussig, knackig   Ernte: September   Verarbeitung: Die importierten Pistazien werden in unserer eigenen Produktion veredelt und verpackt.   Anbau: Die weltweit gr\u00f6\u00dften Produzenten sind der Iran, die USA, die T\u00fcrkei und China. Die gr\u00f6\u00dften europ\u00e4ischen Hersteller sind Griechenland und Italien. Die ber\u00fchmtesten t\u00fcrkischen Pistazien kommen aus Gaziantep.   Verpackungsgr\u00f6\u00dfen: 85 g \/ 150 g \/ 225 g \/ 300 g","og_url":"https:\/\/meraynuts.com\/de\/produkt\/pistazien-in-der-schale\/","og_site_name":"Meray Nuts","article_modified_time":"2024-10-01T08:17:41+00:00","og_image":[{"width":800,"height":1100,"url":"https:\/\/meraynuts.com\/wp-content\/uploads\/2022\/07\/2020-pistazien.png","type":"image\/png"}],"twitter_card":"summary_large_image","schema":{"@context":"https:\/\/schema.org","@graph":[{"@type":"WebPage","@id":"https:\/\/meraynuts.com\/de\/produkt\/pistazien-in-der-schale\/","url":"https:\/\/meraynuts.com\/de\/produkt\/pistazien-in-der-schale\/","name":"Pistazien in der Schale - Meray Nuts","isPartOf":{"@id":"https:\/\/meraynuts.com\/de\/#website"},"primaryImageOfPage":{"@id":"https:\/\/meraynuts.com\/de\/produkt\/pistazien-in-der-schale\/#primaryimage"},"image":{"@id":"https:\/\/meraynuts.com\/de\/produkt\/pistazien-in-der-schale\/#primaryimage"},"thumbnailUrl":"https:\/\/meraynuts.com\/wp-content\/uploads\/2022\/07\/2020-pistazien.png","datePublished":"2022-07-10T04:34:02+00:00","dateModified":"2024-10-01T08:17:41+00:00","breadcrumb":{"@id":"https:\/\/meraynuts.com\/de\/produkt\/pistazien-in-der-schale\/#breadcrumb"},"inLanguage":"de","potentialAction":[{"@type":"ReadAction","target":["https:\/\/meraynuts.com\/de\/produkt\/pistazien-in-der-schale\/"]}]},{"@type":"ImageObject","inLanguage":"de","@id":"https:\/\/meraynuts.com\/de\/produkt\/pistazien-in-der-schale\/#primaryimage","url":"https:\/\/meraynuts.com\/wp-content\/uploads\/2022\/07\/2020-pistazien.png","contentUrl":"https:\/\/meraynuts.com\/wp-content\/uploads\/2022\/07\/2020-pistazien.png","width":800,"height":1100},{"@type":"BreadcrumbList","@id":"https:\/\/meraynuts.com\/de\/produkt\/pistazien-in-der-schale\/#breadcrumb","itemListElement":[{"@type":"ListItem","position":1,"name":"Anasayfa","item":"https:\/\/meraynuts.com\/"},{"@type":"ListItem","position":2,"name":"Shop","item":"https:\/\/meraynuts.com\/de\/shop\/"},{"@type":"ListItem","position":3,"name":"Pistazien in der Schale"}]},{"@type":"WebSite","@id":"https:\/\/meraynuts.com\/de\/#website","url":"https:\/\/meraynuts.com\/de\/","name":"Meray Nuts","description":"","potentialAction":[{"@type":"SearchAction","target":{"@type":"EntryPoint","urlTemplate":"https:\/\/meraynuts.com\/de\/?s={search_term_string}"},"query-input":{"@type":"PropertyValueSpecification","valueRequired":true,"valueName":"search_term_string"}}],"inLanguage":"de"}]}},"_links":{"self":[{"href":"https:\/\/meraynuts.com\/de\/wp-json\/wp\/v2\/product\/4361"}],"collection":[{"href":"https:\/\/meraynuts.com\/de\/wp-json\/wp\/v2\/product"}],"about":[{"href":"https:\/\/meraynuts.com\/de\/wp-json\/wp\/v2\/types\/product"}],"wp:featuredmedia":[{"embeddable":true,"href":"https:\/\/meraynuts.com\/de\/wp-json\/wp\/v2\/media\/3756"}],"wp:attachment":[{"href":"https:\/\/meraynuts.com\/de\/wp-json\/wp\/v2\/media?parent=4361"}],"wp:term":[{"taxonomy":"product_cat","embeddable":true,"href":"https:\/\/meraynuts.com\/de\/wp-json\/wp\/v2\/product_cat?post=4361"},{"taxonomy":"product_tag","embeddable":true,"href":"https:\/\/meraynuts.com\/de\/wp-json\/wp\/v2\/product_tag?post=4361"}],"curies":[{"name":"wp","href":"https:\/\/api.w.org\/{rel}","templated":true}]}}