{"id":4076,"date":"2022-07-11T12:22:41","date_gmt":"2022-07-11T12:22:41","guid":{"rendered":"https:\/\/meraynuts.com\/contact\/"},"modified":"2024-10-04T15:13:43","modified_gmt":"2024-10-04T15:13:43","slug":"contact","status":"publish","type":"page","link":"https:\/\/meraynuts.com\/en\/contact\/","title":{"rendered":"Contact"},"content":{"rendered":"\t\t<div data-elementor-type=\"wp-page\" data-elementor-id=\"4076\" class=\"elementor elementor-4076 elementor-2393\">\n\t\t\t\t\t\t<section class=\"elementor-section elementor-top-section elementor-element elementor-element-22d5ca0 elementor-section-boxed elementor-section-height-default elementor-section-height-default\" data-id=\"22d5ca0\" data-element_type=\"section\">\n\t\t\t\t\t\t<div class=\"elementor-container elementor-column-gap-no\">\n\t\t\t\t\t<div class=\"elementor-column elementor-col-100 elementor-top-column elementor-element elementor-element-97fba15\" data-id=\"97fba15\" data-element_type=\"column\">\n\t\t\t<div class=\"elementor-widget-wrap elementor-element-populated\">\n\t\t\t\t\t\t<section class=\"elementor-section elementor-inner-section elementor-element elementor-element-6efa07a elementor-section-boxed elementor-section-height-default elementor-section-height-default\" data-id=\"6efa07a\" data-element_type=\"section\">\n\t\t\t\t\t\t<div class=\"elementor-container elementor-column-gap-default\">\n\t\t\t\t\t<div class=\"elementor-column elementor-col-33 elementor-inner-column elementor-element elementor-element-b45eb3e\" data-id=\"b45eb3e\" data-element_type=\"column\" data-settings=\"{&quot;background_background&quot;:&quot;classic&quot;}\">\n\t\t\t<div class=\"elementor-widget-wrap elementor-element-populated\">\n\t\t\t\t\t\t<div class=\"elementor-element elementor-element-1340155 heading-default elementor-widget elementor-widget-mae-headings\" data-id=\"1340155\" data-element_type=\"widget\" data-widget_type=\"mae-headings.default\">\n\t\t\t\t<div class=\"elementor-widget-container\">\n\t\t\t\t\t\t\t<div class=\"master-heading sep-none\">\n\t\t\t\t        \t        \t<div class=\"pre-heading\"><span class=\"line\"><span class=\"inner\"><\/span><\/span>Address<\/div>\n\t        \n\t        \n\t        \n\t        \n\t        \t            <div class=\"sub-heading\">Ba\u015fp\u0131nar OSB Mahallesi OSB 4th Zone, 83412 Nolu Street, No:8 \u015eehitkamil \/ GAZ\u0130ANTEP\n\n<\/div>\n\t        \t    <\/div>\n\t    \t\t\t\t<\/div>\n\t\t\t\t<\/div>\n\t\t\t\t\t<\/div>\n\t\t<\/div>\n\t\t\t\t<div class=\"elementor-column elementor-col-33 elementor-inner-column elementor-element elementor-element-6fe4af6\" data-id=\"6fe4af6\" data-element_type=\"column\" data-settings=\"{&quot;background_background&quot;:&quot;classic&quot;}\">\n\t\t\t<div class=\"elementor-widget-wrap elementor-element-populated\">\n\t\t\t\t\t\t<div class=\"elementor-element elementor-element-c6a0256 heading-default elementor-widget elementor-widget-mae-headings\" data-id=\"c6a0256\" data-element_type=\"widget\" data-widget_type=\"mae-headings.default\">\n\t\t\t\t<div class=\"elementor-widget-container\">\n\t\t\t\t\t\t\t<div class=\"master-heading sep-none\">\n\t\t\t\t        \t        \t<div class=\"pre-heading\"><span class=\"line\"><span class=\"inner\"><\/span><\/span>Phone<\/div>\n\t        \n\t        \n\t        \n\t        \n\t        \t            <div class=\"sub-heading\"><p>\n<strong>Factory:<\/strong> +90 342 357 0690<br>\n<strong>Company:<\/strong> +90 543 357 0690<br>\n<strong>Fax:<\/strong> +90 342 357 0696\n<\/p>\n<\/div>\n\t        \t    <\/div>\n\t    \t\t\t\t<\/div>\n\t\t\t\t<\/div>\n\t\t\t\t\t<\/div>\n\t\t<\/div>\n\t\t\t\t<div class=\"elementor-column elementor-col-33 elementor-inner-column elementor-element elementor-element-8c1aa8a\" data-id=\"8c1aa8a\" data-element_type=\"column\" data-settings=\"{&quot;background_background&quot;:&quot;classic&quot;}\">\n\t\t\t<div class=\"elementor-widget-wrap elementor-element-populated\">\n\t\t\t\t\t\t<div class=\"elementor-element elementor-element-100adf5 heading-default elementor-widget elementor-widget-mae-headings\" data-id=\"100adf5\" data-element_type=\"widget\" data-widget_type=\"mae-headings.default\">\n\t\t\t\t<div class=\"elementor-widget-container\">\n\t\t\t\t\t\t\t<div class=\"master-heading sep-none\">\n\t\t\t\t        \t        \t<div class=\"pre-heading\"><span class=\"line\"><span class=\"inner\"><\/span><\/span>Email<\/div>\n\t        \n\t        \n\t        \n\t        \n\t        \t            <div class=\"sub-heading\">\n<strong>E-mail:<\/strong> info@meraynuts.com<\/div>\n\t        \t    <\/div>\n\t    \t\t\t\t<\/div>\n\t\t\t\t<\/div>\n\t\t\t\t\t<\/div>\n\t\t<\/div>\n\t\t\t\t\t<\/div>\n\t\t<\/section>\n\t\t\t\t<div class=\"elementor-element elementor-element-2a28d27 elementor-widget elementor-widget-spacer\" data-id=\"2a28d27\" data-element_type=\"widget\" data-widget_type=\"spacer.default\">\n\t\t\t\t<div class=\"elementor-widget-container\">\n\t\t\t\t\t\t\t<div class=\"elementor-spacer\">\n\t\t\t<div class=\"elementor-spacer-inner\"><\/div>\n\t\t<\/div>\n\t\t\t\t\t\t<\/div>\n\t\t\t\t<\/div>\n\t\t\t\t\t<\/div>\n\t\t<\/div>\n\t\t\t\t\t<\/div>\n\t\t<\/section>\n\t\t\t\t<section class=\"elementor-section elementor-top-section elementor-element elementor-element-a2bda3d elementor-section-boxed elementor-section-height-default elementor-section-height-default\" data-id=\"a2bda3d\" data-element_type=\"section\" data-settings=\"{&quot;background_background&quot;:&quot;classic&quot;}\">\n\t\t\t\t\t\t<div class=\"elementor-container elementor-column-gap-no\">\n\t\t\t\t\t<div class=\"elementor-column elementor-col-100 elementor-top-column elementor-element elementor-element-4fc3294\" data-id=\"4fc3294\" data-element_type=\"column\">\n\t\t\t<div class=\"elementor-widget-wrap elementor-element-populated\">\n\t\t\t\t\t\t<section class=\"elementor-section elementor-inner-section elementor-element elementor-element-3e4b07a elementor-section-boxed elementor-section-height-default elementor-section-height-default\" data-id=\"3e4b07a\" data-element_type=\"section\" data-settings=\"{&quot;background_background&quot;:&quot;classic&quot;}\">\n\t\t\t\t\t\t<div class=\"elementor-container elementor-column-gap-no\">\n\t\t\t\t\t<div class=\"elementor-column elementor-col-100 elementor-inner-column elementor-element elementor-element-b191b1f\" data-id=\"b191b1f\" data-element_type=\"column\" data-settings=\"{&quot;background_background&quot;:&quot;classic&quot;}\">\n\t\t\t<div class=\"elementor-widget-wrap elementor-element-populated\">\n\t\t\t\t\t\t<div class=\"elementor-element elementor-element-94a8dd9 elementor-widget elementor-widget-spacer\" data-id=\"94a8dd9\" data-element_type=\"widget\" data-widget_type=\"spacer.default\">\n\t\t\t\t<div class=\"elementor-widget-container\">\n\t\t\t\t\t\t\t<div class=\"elementor-spacer\">\n\t\t\t<div class=\"elementor-spacer-inner\"><\/div>\n\t\t<\/div>\n\t\t\t\t\t\t<\/div>\n\t\t\t\t<\/div>\n\t\t\t\t<div class=\"elementor-element elementor-element-a1093c7 heading-default elementor-widget elementor-widget-mae-headings\" data-id=\"a1093c7\" data-element_type=\"widget\" data-widget_type=\"mae-headings.default\">\n\t\t\t\t<div class=\"elementor-widget-container\">\n\t\t\t\t\t\t\t<div class=\"master-heading sep-none\">\n\t\t\t\t        \t        \t<div class=\"pre-heading\"><span class=\"line\"><span class=\"inner\"><\/span><\/span>Contact Form<\/div>\n\t        \n\t        \n\t        \t        <h2 class=\"main-heading\">Send us your questions and comments<\/h2>\n\t        \n\t        \n\t        \t    <\/div>\n\t    \t\t\t\t<\/div>\n\t\t\t\t<\/div>\n\t\t\t\t<div class=\"elementor-element elementor-element-07d00f3 elementor-widget elementor-widget-mae-contact-form-7\" data-id=\"07d00f3\" data-element_type=\"widget\" data-widget_type=\"mae-contact-form-7.default\">\n\t\t\t\t<div class=\"elementor-widget-container\">\n\t\t\t\t\t<div class=\"elementor-shortcode master-cf7 master-cf7-0\" data-thumb-size=\"\">\n<div class=\"wpcf7 no-js\" id=\"wpcf7-f4624-o1\" lang=\"tr-TR\" dir=\"ltr\">\n<div class=\"screen-reader-response\"><p role=\"status\" aria-live=\"polite\" aria-atomic=\"true\"><\/p> <ul><\/ul><\/div>\n<form action=\"\/en\/wp-json\/wp\/v2\/pages\/4076#wpcf7-f4624-o1\" method=\"post\" class=\"wpcf7-form init\" aria-label=\"\u0130leti\u015fim Formu\" novalidate=\"novalidate\" data-status=\"init\">\n<div style=\"display: none;\">\n<input type=\"hidden\" name=\"_wpcf7\" value=\"4624\" \/>\n<input type=\"hidden\" name=\"_wpcf7_version\" value=\"5.9.8\" \/>\n<input type=\"hidden\" name=\"_wpcf7_locale\" value=\"tr_TR\" \/>\n<input type=\"hidden\" name=\"_wpcf7_unit_tag\" value=\"wpcf7-f4624-o1\" \/>\n<input type=\"hidden\" name=\"_wpcf7_container_post\" value=\"0\" \/>\n<input type=\"hidden\" name=\"_wpcf7_posted_data_hash\" value=\"\" \/>\n<\/div>\n<div class=\"form-row\">\n  <div class=\"form-group\" style=\"width: 48%; float: left; margin-right: 4%;\">\n    <span class=\"wpcf7-form-control-wrap\" data-name=\"full-name\"><input size=\"40\" maxlength=\"400\" class=\"wpcf7-form-control wpcf7-text wpcf7-validates-as-required\" aria-required=\"true\" aria-invalid=\"false\" placeholder=\"Full Name\" value=\"\" type=\"text\" name=\"full-name\" \/><\/span>\n  <\/div>\n  <div class=\"form-group\" style=\"width: 48%; float: left;\">\n    <span class=\"wpcf7-form-control-wrap\" data-name=\"email-address\"><input size=\"40\" maxlength=\"400\" class=\"wpcf7-form-control wpcf7-email wpcf7-validates-as-required wpcf7-text wpcf7-validates-as-email\" aria-required=\"true\" aria-invalid=\"false\" placeholder=\"Your Email Address\" value=\"\" type=\"email\" name=\"email-address\" \/><\/span>\n  <\/div>\n<\/div>\n\n<div class=\"form-row\" style=\"clear: both;\">\n  <div class=\"form-group\" style=\"width: 48%; float: left; margin-right: 4%;\">\n    <span class=\"wpcf7-form-control-wrap\" data-name=\"phone\"><input size=\"40\" maxlength=\"400\" class=\"wpcf7-form-control wpcf7-tel wpcf7-validates-as-required wpcf7-text wpcf7-validates-as-tel\" aria-required=\"true\" aria-invalid=\"false\" placeholder=\"Your Phone Number\" value=\"\" type=\"tel\" name=\"phone\" \/><\/span>\n  <\/div>\n  <div class=\"form-group\" style=\"width: 48%; float: left;\">\n    <span class=\"wpcf7-form-control-wrap\" data-name=\"subject\"><input size=\"40\" maxlength=\"400\" class=\"wpcf7-form-control wpcf7-text wpcf7-validates-as-required\" aria-required=\"true\" aria-invalid=\"false\" placeholder=\"Subject\" value=\"\" type=\"text\" name=\"subject\" \/><\/span>\n  <\/div>\n<\/div>\n\n<div class=\"form-row\" style=\"clear: both;\">\n  <div class=\"form-group\" style=\"width: 100%;\">\n    <span class=\"wpcf7-form-control-wrap\" data-name=\"message\"><textarea cols=\"40\" rows=\"10\" maxlength=\"2000\" class=\"wpcf7-form-control wpcf7-textarea wpcf7-validates-as-required\" aria-required=\"true\" aria-invalid=\"false\" placeholder=\"Your Message\" name=\"message\"><\/textarea><\/span>\n  <\/div>\n<\/div>\n\n<div class=\"form-row\" style=\"clear: both;\">\n  <div>\n    <input class=\"wpcf7-form-control wpcf7-submit has-spinner\" type=\"submit\" value=\"Send\" \/>\n  <\/div>\n<\/div><div class=\"wpcf7-response-output\" aria-hidden=\"true\"><\/div>\n<\/form>\n<\/div>\n<\/div>\t\t\t\t<\/div>\n\t\t\t\t<\/div>\n\t\t\t\t<div class=\"elementor-element elementor-element-77c7fa3 elementor-widget elementor-widget-spacer\" data-id=\"77c7fa3\" data-element_type=\"widget\" data-widget_type=\"spacer.default\">\n\t\t\t\t<div class=\"elementor-widget-container\">\n\t\t\t\t\t\t\t<div class=\"elementor-spacer\">\n\t\t\t<div class=\"elementor-spacer-inner\"><\/div>\n\t\t<\/div>\n\t\t\t\t\t\t<\/div>\n\t\t\t\t<\/div>\n\t\t\t\t\t<\/div>\n\t\t<\/div>\n\t\t\t\t\t<\/div>\n\t\t<\/section>\n\t\t\t\t\t<\/div>\n\t\t<\/div>\n\t\t\t\t\t<\/div>\n\t\t<\/section>\n\t\t\t\t<\/div>\n\t\t","protected":false},"excerpt":{"rendered":"<p>Address Ba\u015fp\u0131nar OSB Mahallesi OSB 4th Zone, 83412 Nolu Street, No:8 \u015eehitkamil \/ GAZ\u0130ANTEP Phone Factory: +90 342 357 0690 Company: +90 543 357 0690 Fax: +90 342 357 0696 Email E-mail: info@meraynuts.com Contact Form Send us your questions and comments<\/p>\n","protected":false},"author":1,"featured_media":0,"parent":0,"menu_order":0,"comment_status":"closed","ping_status":"closed","template":"","meta":{"footnotes":""},"class_list":["post-4076","page","type-page","status-publish","hentry"],"yoast_head":"<!-- This site is optimized with the Yoast SEO plugin v25.4 - https:\/\/yoast.com\/wordpress\/plugins\/seo\/ -->\n<title>Contact - Meray Nuts<\/title>\n<meta name=\"robots\" content=\"index, follow, max-snippet:-1, max-image-preview:large, max-video-preview:-1\" \/>\n<link rel=\"canonical\" href=\"https:\/\/meraynuts.com\/iletisim\/\" \/>\n<meta property=\"og:locale\" content=\"en_US\" \/>\n<meta property=\"og:type\" content=\"article\" \/>\n<meta property=\"og:title\" content=\"Contact - Meray Nuts\" \/>\n<meta property=\"og:description\" content=\"Address Ba\u015fp\u0131nar OSB Mahallesi OSB 4th Zone, 83412 Nolu Street, No:8 \u015eehitkamil \/ GAZ\u0130ANTEP Phone Factory: +90 342 357 0690 Company: +90 543 357 0690 Fax: +90 342 357 0696 Email E-mail: info@meraynuts.com Contact Form Send us your questions and comments\" \/>\n<meta property=\"og:url\" content=\"https:\/\/meraynuts.com\/iletisim\/\" \/>\n<meta property=\"og:site_name\" content=\"Meray Nuts\" \/>\n<meta property=\"article:modified_time\" content=\"2024-10-04T15:13:43+00:00\" \/>\n<meta name=\"twitter:card\" content=\"summary_large_image\" \/>\n<script type=\"application\/ld+json\" class=\"yoast-schema-graph\">{\"@context\":\"https:\/\/schema.org\",\"@graph\":[{\"@type\":\"WebPage\",\"@id\":\"https:\/\/meraynuts.com\/iletisim\/\",\"url\":\"https:\/\/meraynuts.com\/iletisim\/\",\"name\":\"Contact - Meray Nuts\",\"isPartOf\":{\"@id\":\"https:\/\/meraynuts.com\/de\/#website\"},\"datePublished\":\"2022-07-11T12:22:41+00:00\",\"dateModified\":\"2024-10-04T15:13:43+00:00\",\"breadcrumb\":{\"@id\":\"https:\/\/meraynuts.com\/iletisim\/#breadcrumb\"},\"inLanguage\":\"en-US\",\"potentialAction\":[{\"@type\":\"ReadAction\",\"target\":[\"https:\/\/meraynuts.com\/iletisim\/\"]}]},{\"@type\":\"BreadcrumbList\",\"@id\":\"https:\/\/meraynuts.com\/iletisim\/#breadcrumb\",\"itemListElement\":[{\"@type\":\"ListItem\",\"position\":1,\"name\":\"Anasayfa\",\"item\":\"https:\/\/meraynuts.com\/\"},{\"@type\":\"ListItem\",\"position\":2,\"name\":\"Contact\"}]},{\"@type\":\"WebSite\",\"@id\":\"https:\/\/meraynuts.com\/de\/#website\",\"url\":\"https:\/\/meraynuts.com\/de\/\",\"name\":\"Meray Nuts\",\"description\":\"\",\"potentialAction\":[{\"@type\":\"SearchAction\",\"target\":{\"@type\":\"EntryPoint\",\"urlTemplate\":\"https:\/\/meraynuts.com\/de\/?s={search_term_string}\"},\"query-input\":{\"@type\":\"PropertyValueSpecification\",\"valueRequired\":true,\"valueName\":\"search_term_string\"}}],\"inLanguage\":\"en-US\"}]}<\/script>\n<!-- \/ Yoast SEO plugin. -->","yoast_head_json":{"title":"Contact - Meray Nuts","robots":{"index":"index","follow":"follow","max-snippet":"max-snippet:-1","max-image-preview":"max-image-preview:large","max-video-preview":"max-video-preview:-1"},"canonical":"https:\/\/meraynuts.com\/iletisim\/","og_locale":"en_US","og_type":"article","og_title":"Contact - Meray Nuts","og_description":"Address Ba\u015fp\u0131nar OSB Mahallesi OSB 4th Zone, 83412 Nolu Street, No:8 \u015eehitkamil \/ GAZ\u0130ANTEP Phone Factory: +90 342 357 0690 Company: +90 543 357 0690 Fax: +90 342 357 0696 Email E-mail: info@meraynuts.com Contact Form Send us your questions and comments","og_url":"https:\/\/meraynuts.com\/iletisim\/","og_site_name":"Meray Nuts","article_modified_time":"2024-10-04T15:13:43+00:00","twitter_card":"summary_large_image","schema":{"@context":"https:\/\/schema.org","@graph":[{"@type":"WebPage","@id":"https:\/\/meraynuts.com\/iletisim\/","url":"https:\/\/meraynuts.com\/iletisim\/","name":"Contact - Meray Nuts","isPartOf":{"@id":"https:\/\/meraynuts.com\/de\/#website"},"datePublished":"2022-07-11T12:22:41+00:00","dateModified":"2024-10-04T15:13:43+00:00","breadcrumb":{"@id":"https:\/\/meraynuts.com\/iletisim\/#breadcrumb"},"inLanguage":"en-US","potentialAction":[{"@type":"ReadAction","target":["https:\/\/meraynuts.com\/iletisim\/"]}]},{"@type":"BreadcrumbList","@id":"https:\/\/meraynuts.com\/iletisim\/#breadcrumb","itemListElement":[{"@type":"ListItem","position":1,"name":"Anasayfa","item":"https:\/\/meraynuts.com\/"},{"@type":"ListItem","position":2,"name":"Contact"}]},{"@type":"WebSite","@id":"https:\/\/meraynuts.com\/de\/#website","url":"https:\/\/meraynuts.com\/de\/","name":"Meray Nuts","description":"","potentialAction":[{"@type":"SearchAction","target":{"@type":"EntryPoint","urlTemplate":"https:\/\/meraynuts.com\/de\/?s={search_term_string}"},"query-input":{"@type":"PropertyValueSpecification","valueRequired":true,"valueName":"search_term_string"}}],"inLanguage":"en-US"}]}},"_links":{"self":[{"href":"https:\/\/meraynuts.com\/en\/wp-json\/wp\/v2\/pages\/4076"}],"collection":[{"href":"https:\/\/meraynuts.com\/en\/wp-json\/wp\/v2\/pages"}],"about":[{"href":"https:\/\/meraynuts.com\/en\/wp-json\/wp\/v2\/types\/page"}],"author":[{"embeddable":true,"href":"https:\/\/meraynuts.com\/en\/wp-json\/wp\/v2\/users\/1"}],"replies":[{"embeddable":true,"href":"https:\/\/meraynuts.com\/en\/wp-json\/wp\/v2\/comments?post=4076"}],"version-history":[{"count":10,"href":"https:\/\/meraynuts.com\/en\/wp-json\/wp\/v2\/pages\/4076\/revisions"}],"predecessor-version":[{"id":4631,"href":"https:\/\/meraynuts.com\/en\/wp-json\/wp\/v2\/pages\/4076\/revisions\/4631"}],"wp:attachment":[{"href":"https:\/\/meraynuts.com\/en\/wp-json\/wp\/v2\/media?parent=4076"}],"curies":[{"name":"wp","href":"https:\/\/api.w.org\/{rel}","templated":true}]}}